{"id":12824,"date":"2019-04-01T19:20:49","date_gmt":"2019-04-01T19:20:49","guid":{"rendered":"https:\/\/www.talca.cl\/?page_id=12824"},"modified":"2025-05-30T10:54:42","modified_gmt":"2025-05-30T14:54:42","slug":"escritos-de-plazo-1-juzgado-de-policia-local-talca","status":"publish","type":"page","link":"https:\/\/www.talca.cl\/?page_id=12824","title":{"rendered":"Primer Juzgado de Polic\u00eda Local"},"content":{"rendered":"\n<!DOCTYPE html>\n<html lang=\"en\">\n<head>\n  <link rel=\"stylesheet\" href=\"https:\/\/maxcdn.bootstrapcdn.com\/bootstrap\/3.4.1\/css\/bootstrap.min.css\">\n  <script src=\"https:\/\/ajax.googleapis.com\/ajax\/libs\/jquery\/3.5.1\/jquery.min.js\"><\/script>\n  <script src=\"https:\/\/maxcdn.bootstrapcdn.com\/bootstrap\/3.4.1\/js\/bootstrap.min.js\"><\/script>\n<style>\n\/* nav *\/\n.nav {\n\tposition: relative;\n\tmargin: 20px 0;\n}\n.nav ul {\n\tmargin: 0;\n\tpadding: 0;\n}\n.nav li {\n\tmargin: 0 5px 10px 0;\n\tpadding: 0;\n\tlist-style: none;\n\tdisplay: inline-block;;\n}\n.nav a {\n\tpadding: 3px 12px;\n\ttext-decoration: none;\n\tcolor: #000;\n\tline-height: 100%;\n        font-size: 11.8px;\n        font-weight: bold;\n}\n.nav a:hover {\n\tcolor: #FF0042;\n}\n.nav .current a {\n\tbackground: #FF0042;\n\tcolor: #fff;\n\tborder-radius: 5px;\n}\n<\/style>\n<\/head>\n<body>\n<nav class=\"navbar nav\">\n  <div class=\"container-fluid\">\n    <ul class=\"nav navbar-nav\" style=\"font-size:11.8px;\">\n      <li><a href=\"https:\/\/www.talca.cl\/?page_id=269\">GENERAL<\/a><\/li>\n      <li  class=\"active\" style=\"background-color: #F41E3C;\"><a href=\"https:\/\/www.talca.cl\/?page_id=12824\">1\u00ba JPL<\/a><\/li>\n      <li><a href=\"https:\/\/www.talca.cl\/?page_id=23218\">2\u00ba JPL<\/a><\/li>\n      <li><a href=\"https:\/\/www.talca.cl\/?page_id=23247\">3\u00ba JPL<\/a><\/li>\n      <li><a href=\"https:\/\/www.talca.cl\/?page_id=19159\">NOTIFICACIONES JPL<\/a><\/li>\n    <\/ul>\n  <\/div>\n<\/nav>\n<hr style=\"border-color: #FF0042;\"><br\n  \n<\/body>\n<\/html>\n\n\n\n<p><strong>INFORMACI\u00d3N DE UTILIDAD, 1\u00ba JUZGADO DE POLIC\u00cdA LOCAL:<\/strong><\/p>\n\n\n\n<p>PRIMER JUZGADO DE POLIC\u00cdA LOCAL<\/p>\n\n\n\n<p><strong>JUEZ: <\/strong>Mar\u00eda Sofia Lara,\u00a01\u00ba Juzgado de Polic\u00eda Local.<\/p>\n\n\n\n<p><strong>DIRECCI\u00d3N: <\/strong>Edificio Alameda Office 4 Norte N\u00ba 1154, 3\u00ba Piso.<\/p>\n\n\n\n<p><strong>TEL\u00c9FONO: <\/strong>712987534.<\/p>\n\n\n\n<div style=\"height:44px\" aria-hidden=\"true\" class=\"wp-block-spacer\"><\/div>\n\n\n\n<div style=\"border-style: solid;\">\n\n<b style=\"margin: 10px;\">* CORREO ELECTR\u00d3NICO PARA INFORMACIONES:<\/b><br><br>\n\n<p style=\"margin: 10px; text-align: justify;\">Que a contar del 01 JULIO del 2022 el 1\u00b0 JUZGADO POLICIA LOCAL TALCA cre\u00f3 cuenta correo electr\u00f3nico informaciones <a href=\"mailto:informaciones1jpl@talca.cl\">informaciones1jpl@talca.cl<\/a>, SOLO para informaciones a los usuarios del Tribunal.<\/p>\n\n<p style=\"text-align: right; margin: 10px;\">\n<b>\nPOR ORDEN JUEZ<br>\nMARIA VICTORIA LLEDO TIGERO<br>\nJuez Letrada Titular\n<\/b>\n<br>\n<\/p>\n\n<\/div>\n\n\n\n<div style=\"height:26px\" aria-hidden=\"true\" class=\"wp-block-spacer\"><\/div>\n\n\n\n<div style=\"border-style: solid;\">\n\n<b style=\"margin: 10px;\">* CORREO ELECTR\u00d3NICO PARA ESCRITOS DE PLAZO:<\/b><br><br>\n\n<p style=\"margin: 10px; text-align: justify;\">Ilustre Municipalidad de Talca, informa que por orden del Juez desde el 01 de abril del 2019 el 1\u00b0 Juzgado de Polic\u00eda Local Talca cuenta con el correo electr\u00f3nico <a href=\"mailto:escritoplazo1jpl@talca.cl\">escritoplazo1jpl@talca.cl<\/a> para la presentaci\u00f3n de Escritos de Plazo, debiendo cumplir las formalidades para su validez que establece el Decreto Econ\u00f3mico N\u00b01\/2019, cuya marcha blanca se realizar\u00e1 durante el mes de abril del presente a\u00f1o, de acuerdo a lo indicado el Decreto Econ\u00f3mico N\u00b0 2\/2019.<\/p>\n\n<\/div>\n\n<br><br>\n\n\n<div class=\"real3dflipbook\" id=\"0_69dc2467c8a64\" style=\"position:absolute;\"><\/div>\n\n\n<div class=\"wp-block-buttons is-layout-flex wp-block-buttons-is-layout-flex\">\n<div class=\"wp-block-button\"><a class=\"wp-block-button__link\" href=\"https:\/\/www.talca.cl\/wp-content\/uploads\/2019\/04\/DECRETO-ECONOMICO-N\u00b01-2019ESCRITO-PLAZO.pdf\" target=\"_blank\" rel=\"noreferrer noopener\">DESCARGAR<\/a><\/div>\n<\/div>\n\n\n\n<div style=\"height:16px\" aria-hidden=\"true\" class=\"wp-block-spacer\"><\/div>\n\n\n<div class=\"real3dflipbook\" id=\"0_69dc2467ca0ab\" style=\"position:absolute;\"><\/div>\n\n\n<div class=\"wp-block-buttons is-layout-flex wp-block-buttons-is-layout-flex\">\n<div class=\"wp-block-button\"><a class=\"wp-block-button__link\" href=\"DECRETO-ECONOMICO-N\u00b02-2019-MARCHA-BLANCAESCRITO-PLAZO\" target=\"_blank\" rel=\"noreferrer noopener\">DESCARGAR<\/a><\/div>\n<\/div>\n\n\n\n<div style=\"height:44px\" aria-hidden=\"true\" class=\"wp-block-spacer\"><\/div>\n\n\n\n<p><strong>LEY DE ELECCIONES<\/strong><\/p>\n\n\n<div class=\"real3dflipbook\" id=\"0_69dc2467ca451\" style=\"position:absolute;\"><\/div>\n\n\n<div class=\"wp-block-buttons is-layout-flex wp-block-buttons-is-layout-flex\">\n<div class=\"wp-block-button\"><a class=\"wp-block-button__link\" href=\"https:\/\/www.talca.cl\/wp-content\/uploads\/2023\/07\/Presentacion-Ley-Elecciones.pptx\" target=\"_blank\" rel=\"noreferrer noopener\">DESCARGAR<\/a><\/div>\n<\/div>\n\n\n\n<div style=\"height:44px\" aria-hidden=\"true\" class=\"wp-block-spacer\"><\/div>\n\n\n\n<h2 class=\"wp-block-heading\"><strong>PREGUNTAS FRECUENTES<\/strong><\/h2>\n\n\n\n<div data-wp-interactive=\"core\/file\" class=\"wp-block-file\"><object data-wp-bind--hidden=\"!state.hasPdfPreview\" hidden class=\"wp-block-file__embed\" data=\"https:\/\/www.talca.cl\/wp-content\/uploads\/2024\/10\/PREGUNTAS-FRECUENTES-1oJPL.pdf\" type=\"application\/pdf\" style=\"width:100%;height:600px\" aria-label=\"Embed of Incrustado de PREGUNTAS-FRECUENTES-1oJPL..\"><\/object><a id=\"wp-block-file--media-daef3248-6c2e-43bf-9c2e-4bab685115bc\" href=\"https:\/\/www.talca.cl\/wp-content\/uploads\/2024\/10\/PREGUNTAS-FRECUENTES-1oJPL.pdf\">PREGUNTAS-FRECUENTES-1oJPL<\/a><a href=\"https:\/\/www.talca.cl\/wp-content\/uploads\/2024\/10\/PREGUNTAS-FRECUENTES-1oJPL.pdf\" class=\"wp-block-file__button\" download aria-describedby=\"wp-block-file--media-daef3248-6c2e-43bf-9c2e-4bab685115bc\">Descarga<\/a><\/div>\n\n\n\n<p><\/p>\n","protected":false},"excerpt":{"rendered":"<p>GENERAL 1\u00ba JPL 2\u00ba JPL 3\u00ba JPL NOTIFICACIONES JPL<\/p>\n","protected":false},"author":1,"featured_media":0,"parent":0,"menu_order":0,"comment_status":"closed","ping_status":"closed","template":"","meta":{"footnotes":""},"class_list":["post-12824","page","type-page","status-publish"],"yoast_head":"<!-- This site is optimized with the Yoast SEO plugin v27.3 - https:\/\/yoast.com\/product\/yoast-seo-wordpress\/ -->\n<title>Ilustre Municipalidad de Talca<\/title>\n<meta name=\"robots\" content=\"index, follow, max-snippet:-1, max-image-preview:large, max-video-preview:-1\" \/>\n<link rel=\"canonical\" href=\"https:\/\/www.talca.cl\/?page_id=12824\" \/>\n<meta property=\"og:locale\" content=\"es_ES\" \/>\n<meta property=\"og:type\" content=\"article\" \/>\n<meta property=\"og:title\" content=\"Ilustre Municipalidad de Talca\" \/>\n<meta property=\"og:description\" content=\"GENERAL 1\u00ba JPL 2\u00ba JPL 3\u00ba JPL NOTIFICACIONES JPL\" \/>\n<meta property=\"og:url\" content=\"https:\/\/www.talca.cl\/?page_id=12824\" \/>\n<meta property=\"og:site_name\" content=\"Ilustre Municipalidad de Talca\" \/>\n<meta property=\"article:modified_time\" content=\"2025-05-30T14:54:42+00:00\" \/>\n<meta name=\"twitter:card\" content=\"summary_large_image\" \/>\n<meta name=\"twitter:label1\" content=\"Est. reading time\" \/>\n\t<meta name=\"twitter:data1\" content=\"2 minutos\" \/>\n<script type=\"application\/ld+json\" class=\"yoast-schema-graph\">{\"@context\":\"https:\\\/\\\/schema.org\",\"@graph\":[{\"@type\":\"WebPage\",\"@id\":\"https:\\\/\\\/www.talca.cl\\\/?page_id=12824\",\"url\":\"https:\\\/\\\/www.talca.cl\\\/?page_id=12824\",\"name\":\"Ilustre Municipalidad de Talca\",\"isPartOf\":{\"@id\":\"https:\\\/\\\/www.talca.cl\\\/#website\"},\"datePublished\":\"2019-04-01T19:20:49+00:00\",\"dateModified\":\"2025-05-30T14:54:42+00:00\",\"breadcrumb\":{\"@id\":\"https:\\\/\\\/www.talca.cl\\\/?page_id=12824#breadcrumb\"},\"inLanguage\":\"es\",\"potentialAction\":[{\"@type\":\"ReadAction\",\"target\":[\"https:\\\/\\\/www.talca.cl\\\/?page_id=12824\"]}]},{\"@type\":\"BreadcrumbList\",\"@id\":\"https:\\\/\\\/www.talca.cl\\\/?page_id=12824#breadcrumb\",\"itemListElement\":[{\"@type\":\"ListItem\",\"position\":1,\"name\":\"Home\",\"item\":\"https:\\\/\\\/www.talca.cl\\\/\"},{\"@type\":\"ListItem\",\"position\":2,\"name\":\"Primer Juzgado de Polic\u00eda Local\"}]},{\"@type\":\"WebSite\",\"@id\":\"https:\\\/\\\/www.talca.cl\\\/#website\",\"url\":\"https:\\\/\\\/www.talca.cl\\\/\",\"name\":\"Ilustre Municipalidad de Talca\",\"description\":\"Ilustre Municipalidad de Talca, Talca, Municipalidad, 7\u00aa regi\u00f3n,  septima region, juan carlos diaz, jcd, avenda\u00f1o, piduco, maule,  talca chile\",\"potentialAction\":[{\"@type\":\"SearchAction\",\"target\":{\"@type\":\"EntryPoint\",\"urlTemplate\":\"https:\\\/\\\/www.talca.cl\\\/?s={search_term_string}\"},\"query-input\":{\"@type\":\"PropertyValueSpecification\",\"valueRequired\":true,\"valueName\":\"search_term_string\"}}],\"inLanguage\":\"es\"}]}<\/script>\n<!-- \/ Yoast SEO plugin. -->","yoast_head_json":{"title":"Ilustre Municipalidad de Talca","robots":{"index":"index","follow":"follow","max-snippet":"max-snippet:-1","max-image-preview":"max-image-preview:large","max-video-preview":"max-video-preview:-1"},"canonical":"https:\/\/www.talca.cl\/?page_id=12824","og_locale":"es_ES","og_type":"article","og_title":"Ilustre Municipalidad de Talca","og_description":"GENERAL 1\u00ba JPL 2\u00ba JPL 3\u00ba JPL NOTIFICACIONES JPL","og_url":"https:\/\/www.talca.cl\/?page_id=12824","og_site_name":"Ilustre Municipalidad de Talca","article_modified_time":"2025-05-30T14:54:42+00:00","twitter_card":"summary_large_image","twitter_misc":{"Est. reading time":"2 minutos"},"schema":{"@context":"https:\/\/schema.org","@graph":[{"@type":"WebPage","@id":"https:\/\/www.talca.cl\/?page_id=12824","url":"https:\/\/www.talca.cl\/?page_id=12824","name":"Ilustre Municipalidad de Talca","isPartOf":{"@id":"https:\/\/www.talca.cl\/#website"},"datePublished":"2019-04-01T19:20:49+00:00","dateModified":"2025-05-30T14:54:42+00:00","breadcrumb":{"@id":"https:\/\/www.talca.cl\/?page_id=12824#breadcrumb"},"inLanguage":"es","potentialAction":[{"@type":"ReadAction","target":["https:\/\/www.talca.cl\/?page_id=12824"]}]},{"@type":"BreadcrumbList","@id":"https:\/\/www.talca.cl\/?page_id=12824#breadcrumb","itemListElement":[{"@type":"ListItem","position":1,"name":"Home","item":"https:\/\/www.talca.cl\/"},{"@type":"ListItem","position":2,"name":"Primer Juzgado de Polic\u00eda Local"}]},{"@type":"WebSite","@id":"https:\/\/www.talca.cl\/#website","url":"https:\/\/www.talca.cl\/","name":"Ilustre Municipalidad de Talca","description":"Ilustre Municipalidad de Talca, Talca, Municipalidad, 7\u00aa regi\u00f3n,  septima region, juan carlos diaz, jcd, avenda\u00f1o, piduco, maule,  talca chile","potentialAction":[{"@type":"SearchAction","target":{"@type":"EntryPoint","urlTemplate":"https:\/\/www.talca.cl\/?s={search_term_string}"},"query-input":{"@type":"PropertyValueSpecification","valueRequired":true,"valueName":"search_term_string"}}],"inLanguage":"es"}]}},"_links":{"self":[{"href":"https:\/\/www.talca.cl\/index.php?rest_route=\/wp\/v2\/pages\/12824","targetHints":{"allow":["GET"]}}],"collection":[{"href":"https:\/\/www.talca.cl\/index.php?rest_route=\/wp\/v2\/pages"}],"about":[{"href":"https:\/\/www.talca.cl\/index.php?rest_route=\/wp\/v2\/types\/page"}],"author":[{"embeddable":true,"href":"https:\/\/www.talca.cl\/index.php?rest_route=\/wp\/v2\/users\/1"}],"replies":[{"embeddable":true,"href":"https:\/\/www.talca.cl\/index.php?rest_route=%2Fwp%2Fv2%2Fcomments&post=12824"}],"version-history":[{"count":31,"href":"https:\/\/www.talca.cl\/index.php?rest_route=\/wp\/v2\/pages\/12824\/revisions"}],"predecessor-version":[{"id":25469,"href":"https:\/\/www.talca.cl\/index.php?rest_route=\/wp\/v2\/pages\/12824\/revisions\/25469"}],"wp:attachment":[{"href":"https:\/\/www.talca.cl\/index.php?rest_route=%2Fwp%2Fv2%2Fmedia&parent=12824"}],"curies":[{"name":"wp","href":"https:\/\/api.w.org\/{rel}","templated":true}]}}