{"id":14612,"date":"2019-09-24T14:02:52","date_gmt":"2019-09-24T14:02:52","guid":{"rendered":"https:\/\/www.talca.cl\/?page_id=14612"},"modified":"2026-02-18T16:43:13","modified_gmt":"2026-02-18T20:43:13","slug":"reclamaciones-tribunal-electoral-regional","status":"publish","type":"page","link":"https:\/\/www.talca.cl\/?page_id=14612","title":{"rendered":"Reclamaciones Tribunal Electoral Regional"},"content":{"rendered":"\n<!DOCTYPE html>\n<html lang=\"en\">\n<head>\n  <link rel=\"stylesheet\" href=\"https:\/\/maxcdn.bootstrapcdn.com\/bootstrap\/3.4.1\/css\/bootstrap.min.css\">\n  <script src=\"https:\/\/ajax.googleapis.com\/ajax\/libs\/jquery\/3.5.1\/jquery.min.js\"><\/script>\n  <script src=\"https:\/\/maxcdn.bootstrapcdn.com\/bootstrap\/3.4.1\/js\/bootstrap.min.js\"><\/script>\n<style>\n\/* nav *\/\n.nav {\n\tposition: relative;\n\tmargin: 20px 0;\n}\n.nav ul {\n\tmargin: 0;\n\tpadding: 0;\n}\n.nav li {\n\tmargin: 0 5px 10px 0;\n\tpadding: 0;\n\tlist-style: none;\n\tdisplay: inline-block;;\n}\n.nav a {\n\tpadding: 3px 12px;\n\ttext-decoration: none;\n\tcolor: #000;\n\tline-height: 100%;\n        font-size: 11.8px;\n        font-weight: bold;\n}\n.nav a:hover {\n\tcolor: #FF0042;\n}\n.nav .current a {\n\tbackground: #FF0042;\n\tcolor: #fff;\n\tborder-radius: 5px;\n}\n<\/style>\n<\/head>\n<body>\n<nav class=\"navbar nav\">\n  <div class=\"container-fluid\">\n    <ul class=\"nav navbar-nav\" style=\"font-size:11.8px;\">\n      <li><a href=\"https:\/\/www.talca.cl\/?page_id=13860\">SOLICITUDES CAM<\/a><\/li>\n      <li class=\"active\" style=\"background-color: #F41E3C;\"><a href=\"https:\/\/www.talca.cl\/?page_id=14612\">RECLAMACIONES TER<\/a><\/li>\n      <li><a href=\"https:\/\/www.talca.cl\/?page_id=19350\">RESOLUCIONES TER<\/a><\/li>\n      <li><a href=\"https:\/\/www.talca.cl\/?page_id=19235\">SENTENCIAS TER<\/a><\/li>\n    <\/ul>\n  <\/div>\n<\/nav> \n<hr style=\"border-color: #FF0042;\"><br>\n \n<\/body>\n<\/html>\n\n\n\n<h4><b>Junta de Vecinos La Frontera<\/b><\/h4>\n\nOFICIO:\n<iframe src=\"\/\/docs.google.com\/viewer?url=https%3A%2F%2Fwww.talca.cl%2Fwp-content%2Fuploads%2F2022%2F08%2FOFICIO_N_8924_ROL_37-2022_SECMU_TALCA.pdf&hl=en_US&embedded=true\" class=\"gde-frame\" style=\"width:100%; height:500px; border: none;\" scrolling=\"no\"><\/iframe>\n<p class=\"gde-text\"><a href=\"https:\/\/www.talca.cl\/wp-content\/uploads\/2022\/08\/OFICIO_N_8924_ROL_37-2022_SECMU_TALCA.pdf\" class=\"gde-link\">Download (PDF, 108KB)<\/a><\/p>\n\nRECLAMACI\u00d3N:\n<iframe src=\"\/\/docs.google.com\/viewer?url=https%3A%2F%2Fwww.talca.cl%2Fwp-content%2Fuploads%2F2022%2F08%2FESPEDIENTE-ROL-N%C2%B0-37-2022.pdf&hl=en_US&embedded=true\" class=\"gde-frame\" style=\"width:100%; height:500px; border: none;\" scrolling=\"no\"><\/iframe>\n<p class=\"gde-text\"><a href=\"https:\/\/www.talca.cl\/wp-content\/uploads\/2022\/08\/ESPEDIENTE-ROL-N\u00b0-37-2022.pdf\" class=\"gde-link\">Download (PDF, 767KB)<\/a><\/p><br><br>\n\n<h4><b>Club Deportivo Uni\u00f3n Pac\u00edfico<\/b><\/h4>\n\nOFICIO:\n<iframe src=\"\/\/docs.google.com\/viewer?url=https%3A%2F%2Fwww.talca.cl%2Fwp-content%2Fuploads%2F2022%2F05%2FOFICIO_8902_ROL_14-2022_SECMU_TALCA.pdf&hl=en_US&embedded=true\" class=\"gde-frame\" style=\"width:100%; height:500px; border: none;\" scrolling=\"no\"><\/iframe>\n<p class=\"gde-text\"><a href=\"https:\/\/www.talca.cl\/wp-content\/uploads\/2022\/05\/OFICIO_8902_ROL_14-2022_SECMU_TALCA.pdf\" class=\"gde-link\">Download (PDF, 109KB)<\/a><\/p>\n\nRECLAMACI\u00d3N:\n<iframe src=\"\/\/docs.google.com\/viewer?url=https%3A%2F%2Fwww.talca.cl%2Fwp-content%2Fuploads%2F2022%2F05%2FExpediente-ROL-N%C2%B014-2022.pdf&hl=en_US&embedded=true\" class=\"gde-frame\" style=\"width:100%; height:500px; border: none;\" scrolling=\"no\"><\/iframe>\n<p class=\"gde-text\"><a href=\"https:\/\/www.talca.cl\/wp-content\/uploads\/2022\/05\/Expediente-ROL-N\u00b014-2022.pdf\" class=\"gde-link\">Download (PDF, 1.93MB)<\/a><\/p><br><br>\n\n<h4><b>Centro Cultural Casa de la Mujer Yela de Talca<\/b><\/h4>\n\nOFICIO:\n<iframe src=\"\/\/docs.google.com\/viewer?url=https%3A%2F%2Fwww.talca.cl%2Fwp-content%2Fuploads%2F2019%2F09%2FOFICIO-8185.pdf&hl=en_US&embedded=true\" class=\"gde-frame\" style=\"width:100%; height:500px; border: none;\" scrolling=\"no\"><\/iframe>\n<p class=\"gde-text\"><a href=\"https:\/\/www.talca.cl\/wp-content\/uploads\/2019\/09\/OFICIO-8185.pdf\" class=\"gde-link\">Download (PDF, 40KB)<\/a><\/p>\n\nRECLAMACI\u00d3N:\n<iframe src=\"\/\/docs.google.com\/viewer?url=https%3A%2F%2Fwww.talca.cl%2Fwp-content%2Fuploads%2F2019%2F09%2FReclamaci%C3%B3n-223-19.pdf&hl=en_US&embedded=true\" class=\"gde-frame\" style=\"width:100%; height:500px; border: none;\" scrolling=\"no\"><\/iframe>\n<p class=\"gde-text\"><a href=\"https:\/\/www.talca.cl\/wp-content\/uploads\/2019\/09\/Reclamaci\u00f3n-223-19.pdf\" class=\"gde-link\">Download (PDF, 227KB)<\/a><\/p>\n\n<h4><b>Junta de Vecinos Villa Rio<\/b><\/h4>\n\nOFICIO:\n<iframe src=\"\/\/docs.google.com\/viewer?url=https%3A%2F%2Fwww.talca.cl%2Fwp-content%2Fuploads%2F2022%2F11%2FOFICIO-8951-SECMU_Talca_publique.pdf&hl=en_US&embedded=true\" class=\"gde-frame\" style=\"width:100%; height:500px; border: none;\" scrolling=\"no\"><\/iframe>\n<p class=\"gde-text\"><a href=\"https:\/\/www.talca.cl\/wp-content\/uploads\/2022\/11\/OFICIO-8951-SECMU_Talca_publique.pdf\" class=\"gde-link\">Download (PDF, 109KB)<\/a><\/p>\n\nEXPEDIENTE:\n<iframe src=\"\/\/docs.google.com\/viewer?url=https%3A%2F%2Fwww.talca.cl%2Fwp-content%2Fuploads%2F2022%2F11%2Fexpediente.pdf&hl=en_US&embedded=true\" class=\"gde-frame\" style=\"width:100%; height:500px; border: none;\" scrolling=\"no\"><\/iframe>\n<p class=\"gde-text\"><a href=\"https:\/\/www.talca.cl\/wp-content\/uploads\/2022\/11\/expediente.pdf\" class=\"gde-link\">Download (PDF, 9.48MB)<\/a><\/p>\n\n<h4><b>Junta de Vecinos Villa Ed\u00e9n de Talca<\/b><\/h4>\n\nOFICIO:\n<iframe src=\"\/\/docs.google.com\/viewer?url=https%3A%2F%2Fwww.talca.cl%2Fwp-content%2Fuploads%2F2023%2F01%2F12-28-OFICIO-8970-SECMU-Talca-publique.pdf&hl=en_US&embedded=true\" class=\"gde-frame\" style=\"width:100%; height:500px; border: none;\" scrolling=\"no\"><\/iframe>\n<p class=\"gde-text\"><a href=\"https:\/\/www.talca.cl\/wp-content\/uploads\/2023\/01\/12-28-OFICIO-8970-SECMU-Talca-publique.pdf\" class=\"gde-link\">Download (PDF, 108KB)<\/a><\/p>\n\nEXPEDIENTE:\n<iframe src=\"\/\/docs.google.com\/viewer?url=https%3A%2F%2Fwww.talca.cl%2Fwp-content%2Fuploads%2F2023%2F01%2Fexpediente-63_compressed.pdf&hl=en_US&embedded=true\" class=\"gde-frame\" style=\"width:100%; height:500px; border: none;\" scrolling=\"no\"><\/iframe>\n<p class=\"gde-text\"><a href=\"https:\/\/www.talca.cl\/wp-content\/uploads\/2023\/01\/expediente-63_compressed.pdf\" class=\"gde-link\">Download (PDF, 1.49MB)<\/a><\/p>\n\n<h4><b>Junta de Vecinos Villa Ed\u00e9n de Talca (Definitiva)<\/b><\/h4>\n\nOFICIO:\n<iframe src=\"\/\/docs.google.com\/viewer?url=https%3A%2F%2Fwww.talca.cl%2Fwp-content%2Fuploads%2F2023%2F07%2FOFICIO-9032-SECMU-TALCA-Rte-Sentencia-63-2022.pdf&hl=en_US&embedded=true\" class=\"gde-frame\" style=\"width:100%; height:500px; border: none;\" scrolling=\"no\"><\/iframe>\n<p class=\"gde-text\"><a href=\"https:\/\/www.talca.cl\/wp-content\/uploads\/2023\/07\/OFICIO-9032-SECMU-TALCA-Rte-Sentencia-63-2022.pdf\" class=\"gde-link\">Download (PDF, 107KB)<\/a><\/p>\n\nSENTENCIA:\n<iframe src=\"\/\/docs.google.com\/viewer?url=https%3A%2F%2Fwww.talca.cl%2Fwp-content%2Fuploads%2F2023%2F07%2FSENTENCIA-ROL-63-2022.pdf&hl=en_US&embedded=true\" class=\"gde-frame\" style=\"width:100%; height:500px; border: none;\" scrolling=\"no\"><\/iframe>\n<p class=\"gde-text\"><a href=\"https:\/\/www.talca.cl\/wp-content\/uploads\/2023\/07\/SENTENCIA-ROL-63-2022.pdf\" class=\"gde-link\">Download (PDF, 3.87MB)<\/a><\/p>\n\n<h4><b>Elecci\u00f3n de Directiva Junta de Vecinos N\u00b0 19 El Esfuerzo Talca (27\/07\/2023)<\/b><\/h4>\n\nOFICIO:\n<iframe src=\"\/\/docs.google.com\/viewer?url=https%3A%2F%2Fwww.talca.cl%2Fwp-content%2Fuploads%2F2023%2F07%2F07-26-OFICIO-9044-SECMU-Talca-publique.pdf&hl=en_US&embedded=true\" class=\"gde-frame\" style=\"width:100%; height:500px; border: none;\" scrolling=\"no\"><\/iframe>\n<p class=\"gde-text\"><a href=\"https:\/\/www.talca.cl\/wp-content\/uploads\/2023\/07\/07-26-OFICIO-9044-SECMU-Talca-publique.pdf\" class=\"gde-link\">Download (PDF, 121KB)<\/a><\/p>\n\nEXPEDIENTE:\n<iframe src=\"\/\/docs.google.com\/viewer?url=https%3A%2F%2Fwww.talca.cl%2Fwp-content%2Fuploads%2F2023%2F07%2Fexpediente-25-2023.pdf&hl=en_US&embedded=true\" class=\"gde-frame\" style=\"width:100%; height:500px; border: none;\" scrolling=\"no\"><\/iframe>\n<p class=\"gde-text\"><a href=\"https:\/\/www.talca.cl\/wp-content\/uploads\/2023\/07\/expediente-25-2023.pdf\" class=\"gde-link\">Download (PDF, 1.42MB)<\/a><\/p>\n\n\n\n<p><strong>2025<\/strong><\/p>\n\n\n\n<h4><b>Agrupaci\u00f3n Folklore Talca (15\/04\/2025)<\/b><\/h4>\n\nOFICIO:\n<iframe src=\"\/\/docs.google.com\/viewer?url=https%3A%2F%2Fwww.talca.cl%2Fwp-content%2Fuploads%2F2025%2F04%2FOFICIO_9703_SECRETARIO_MUNICIPAL_Talca.pdf&hl=en_US&embedded=true\" class=\"gde-frame\" style=\"width:100%; height:500px; border: none;\" scrolling=\"no\"><\/iframe>\n<p class=\"gde-text\"><a href=\"https:\/\/www.talca.cl\/wp-content\/uploads\/2025\/04\/OFICIO_9703_SECRETARIO_MUNICIPAL_Talca.pdf\" class=\"gde-link\">Download (PDF, 114KB)<\/a><\/p>\n\nEXPEDIENTE:\n<iframe src=\"\/\/docs.google.com\/viewer?url=https%3A%2F%2Fwww.talca.cl%2Fwp-content%2Fuploads%2F2025%2F04%2F33-2025-expediente.pdf&hl=en_US&embedded=true\" class=\"gde-frame\" style=\"width:100%; height:500px; border: none;\" scrolling=\"no\"><\/iframe>\n<p class=\"gde-text\"><a href=\"https:\/\/www.talca.cl\/wp-content\/uploads\/2025\/04\/33-2025-expediente.pdf\" class=\"gde-link\">Download (PDF, 6.38MB)<\/a><\/p>\n\n\n\n<h4><b>Junta de vecinos Don Gonzalo 2 (15\/05\/2025)<\/b><\/h4>\n\nOFICIO:\n<iframe src=\"\/\/docs.google.com\/viewer?url=https%3A%2F%2Fwww.talca.cl%2Fwp-content%2Fuploads%2F2025%2F05%2FOFICIO-DON-GONZALO.pdf&hl=en_US&embedded=true\" class=\"gde-frame\" style=\"width:100%; height:500px; border: none;\" scrolling=\"no\"><\/iframe>\n<p class=\"gde-text\"><a href=\"https:\/\/www.talca.cl\/wp-content\/uploads\/2025\/05\/OFICIO-DON-GONZALO.pdf\" class=\"gde-link\">Download (PDF, 115KB)<\/a><\/p>\n\nEXPEDIENTE:\n<iframe src=\"\/\/docs.google.com\/viewer?url=https%3A%2F%2Fwww.talca.cl%2Fwp-content%2Fuploads%2F2025%2F05%2FEXPEDIENTE-DON-GONZALO.pdf&hl=en_US&embedded=true\" class=\"gde-frame\" style=\"width:100%; height:500px; border: none;\" scrolling=\"no\"><\/iframe>\n<p class=\"gde-text\"><a href=\"https:\/\/www.talca.cl\/wp-content\/uploads\/2025\/05\/EXPEDIENTE-DON-GONZALO.pdf\" class=\"gde-link\">Download (PDF, 100KB)<\/a><\/p>\n\nRECLAMACI\u00d3N:\n<iframe src=\"\/\/docs.google.com\/viewer?url=https%3A%2F%2Fwww.talca.cl%2Fwp-content%2Fuploads%2F2025%2F05%2FRECLAMACION-DON-GONZALO.pdf&hl=en_US&embedded=true\" class=\"gde-frame\" style=\"width:100%; height:500px; border: none;\" scrolling=\"no\"><\/iframe>\n<p class=\"gde-text\"><a href=\"https:\/\/www.talca.cl\/wp-content\/uploads\/2025\/05\/RECLAMACION-DON-GONZALO.pdf\" class=\"gde-link\">Download (PDF, 414KB)<\/a><\/p>\n\n\n\n<h4><b>Junta de vecinos Do\u00f1a Florencia unidos por una comunidad mejor (15\/05\/2025)<\/b><\/h4>\n\nOFICIO:\n<iframe src=\"\/\/docs.google.com\/viewer?url=https%3A%2F%2Fwww.talca.cl%2Fwp-content%2Fuploads%2F2025%2F05%2FOFICIO-DONIA-FLORENCIA.pdf&hl=en_US&embedded=true\" class=\"gde-frame\" style=\"width:100%; height:500px; border: none;\" scrolling=\"no\"><\/iframe>\n<p class=\"gde-text\"><a href=\"https:\/\/www.talca.cl\/wp-content\/uploads\/2025\/05\/OFICIO-DONIA-FLORENCIA.pdf\" class=\"gde-link\">Download (PDF, 115KB)<\/a><\/p>\n\nEXPEDIENTE:\n<iframe src=\"\/\/docs.google.com\/viewer?url=https%3A%2F%2Fwww.talca.cl%2Fwp-content%2Fuploads%2F2025%2F05%2FEXPEDIENTE-DONIA-FLORENCIA.pdf&hl=en_US&embedded=true\" class=\"gde-frame\" style=\"width:100%; height:500px; border: none;\" scrolling=\"no\"><\/iframe>\n<p class=\"gde-text\"><a href=\"https:\/\/www.talca.cl\/wp-content\/uploads\/2025\/05\/EXPEDIENTE-DONIA-FLORENCIA.pdf\" class=\"gde-link\">Download (PDF, 101KB)<\/a><\/p>\n\nRECLAMACI\u00d3N:\n<iframe src=\"\/\/docs.google.com\/viewer?url=https%3A%2F%2Fwww.talca.cl%2Fwp-content%2Fuploads%2F2025%2F05%2FRECLAMACION-DONA-FLORENCIA.pdf&hl=en_US&embedded=true\" class=\"gde-frame\" style=\"width:100%; height:500px; border: none;\" scrolling=\"no\"><\/iframe>\n<p class=\"gde-text\"><a href=\"https:\/\/www.talca.cl\/wp-content\/uploads\/2025\/05\/RECLAMACION-DONA-FLORENCIA.pdf\" class=\"gde-link\">Download (PDF, 128KB)<\/a><\/p>\n\n\n\n<h4><b>CLUB ADULTO MAYOR AVE F\u00c9NIX (14\/01\/2026)<\/b><\/h4>\n\nOFICIO:\n<iframe src=\"\/\/docs.google.com\/viewer?url=https%3A%2F%2Fwww.talca.cl%2Fwp-content%2Fuploads%2F2026%2F01%2FOFICIO_8_SECRETARIO_MUNICIPAL.pdf&hl=en_US&embedded=true\" class=\"gde-frame\" style=\"width:100%; height:500px; border: none;\" scrolling=\"no\"><\/iframe>\n<p class=\"gde-text\"><a href=\"https:\/\/www.talca.cl\/wp-content\/uploads\/2026\/01\/OFICIO_8_SECRETARIO_MUNICIPAL.pdf\" class=\"gde-link\">Download (PDF, 115KB)<\/a><\/p>\n\nEXPEDIENTE:\n<iframe src=\"\/\/docs.google.com\/viewer?url=https%3A%2F%2Fwww.talca.cl%2Fwp-content%2Fuploads%2F2026%2F01%2F3-2026-EXPEDIENTE.pdf&hl=en_US&embedded=true\" class=\"gde-frame\" style=\"width:100%; height:500px; border: none;\" scrolling=\"no\"><\/iframe>\n<p class=\"gde-text\"><a href=\"https:\/\/www.talca.cl\/wp-content\/uploads\/2026\/01\/3-2026-EXPEDIENTE.pdf\" class=\"gde-link\">Download (PDF, 636KB)<\/a><\/p>\n\n\n\n<h4><b>CENTRO DE ADELANTO CONDOMINIOS DE LIRCAY (17\/02\/2026)<\/b><\/h4>\n\nOFICIO:\n\n<div class=\"gde-error\">GDE Error: Error al recuperar el fichero. Si es necesario, desactiva la comprobaci\u00f3n de errores (404:Not Found)<\/div>\n\n\nEXPEDIENTE:\n<iframe src=\"\/\/docs.google.com\/viewer?url=https%3A%2F%2Fwww.talca.cl%2Fwp-content%2Fuploads%2F2026%2F02%2F11-2026-EXPEDIENTE.pdf&hl=en_US&embedded=true\" class=\"gde-frame\" style=\"width:100%; height:500px; border: none;\" scrolling=\"no\"><\/iframe>\n<p class=\"gde-text\"><a href=\"https:\/\/www.talca.cl\/wp-content\/uploads\/2026\/02\/11-2026-EXPEDIENTE.pdf\" class=\"gde-link\">Download (PDF, 8.57MB)<\/a><\/p>\n","protected":false},"excerpt":{"rendered":"<p>SOLICITUDES CAM RECLAMACIONES TER RESOLUCIONES TER SENTENCIAS TER Junta de Vecinos La Frontera OFICIO: RECLAMACI\u00d3N: Club Deportivo Uni\u00f3n Pac\u00edfico OFICIO: RECLAMACI\u00d3N: Centro Cultural Casa de la Mujer Yela de Talca OFICIO: RECLAMACI\u00d3N: Junta de Vecinos Villa Rio OFICIO: EXPEDIENTE: Junta de Vecinos Villa Ed\u00e9n de Talca OFICIO: EXPEDIENTE: Junta de Vecinos Villa Ed\u00e9n de Talca [&hellip;]<\/p>\n","protected":false},"author":1,"featured_media":0,"parent":0,"menu_order":0,"comment_status":"closed","ping_status":"closed","template":"","meta":{"footnotes":""},"class_list":["post-14612","page","type-page","status-publish"],"yoast_head":"<!-- This site is optimized with the Yoast SEO plugin v27.3 - https:\/\/yoast.com\/product\/yoast-seo-wordpress\/ -->\n<title>Ilustre Municipalidad de Talca<\/title>\n<meta name=\"robots\" content=\"index, follow, max-snippet:-1, max-image-preview:large, max-video-preview:-1\" \/>\n<link rel=\"canonical\" href=\"https:\/\/www.talca.cl\/?page_id=14612\" \/>\n<meta property=\"og:locale\" content=\"es_ES\" \/>\n<meta property=\"og:type\" content=\"article\" \/>\n<meta property=\"og:title\" content=\"Ilustre Municipalidad de Talca\" \/>\n<meta property=\"og:description\" content=\"SOLICITUDES CAM RECLAMACIONES TER RESOLUCIONES TER SENTENCIAS TER Junta de Vecinos La Frontera OFICIO: RECLAMACI\u00d3N: Club Deportivo Uni\u00f3n Pac\u00edfico OFICIO: RECLAMACI\u00d3N: Centro Cultural Casa de la Mujer Yela de Talca OFICIO: RECLAMACI\u00d3N: Junta de Vecinos Villa Rio OFICIO: EXPEDIENTE: Junta de Vecinos Villa Ed\u00e9n de Talca OFICIO: EXPEDIENTE: Junta de Vecinos Villa Ed\u00e9n de Talca [&hellip;]\" \/>\n<meta property=\"og:url\" content=\"https:\/\/www.talca.cl\/?page_id=14612\" \/>\n<meta property=\"og:site_name\" content=\"Ilustre Municipalidad de Talca\" \/>\n<meta property=\"article:modified_time\" content=\"2026-02-18T20:43:13+00:00\" \/>\n<meta name=\"twitter:card\" content=\"summary_large_image\" \/>\n<meta name=\"twitter:label1\" content=\"Est. reading time\" \/>\n\t<meta name=\"twitter:data1\" content=\"1 minuto\" \/>\n<script type=\"application\/ld+json\" class=\"yoast-schema-graph\">{\"@context\":\"https:\\\/\\\/schema.org\",\"@graph\":[{\"@type\":\"WebPage\",\"@id\":\"https:\\\/\\\/www.talca.cl\\\/?page_id=14612\",\"url\":\"https:\\\/\\\/www.talca.cl\\\/?page_id=14612\",\"name\":\"Ilustre Municipalidad de Talca\",\"isPartOf\":{\"@id\":\"https:\\\/\\\/www.talca.cl\\\/#website\"},\"datePublished\":\"2019-09-24T14:02:52+00:00\",\"dateModified\":\"2026-02-18T20:43:13+00:00\",\"breadcrumb\":{\"@id\":\"https:\\\/\\\/www.talca.cl\\\/?page_id=14612#breadcrumb\"},\"inLanguage\":\"es\",\"potentialAction\":[{\"@type\":\"ReadAction\",\"target\":[\"https:\\\/\\\/www.talca.cl\\\/?page_id=14612\"]}]},{\"@type\":\"BreadcrumbList\",\"@id\":\"https:\\\/\\\/www.talca.cl\\\/?page_id=14612#breadcrumb\",\"itemListElement\":[{\"@type\":\"ListItem\",\"position\":1,\"name\":\"Home\",\"item\":\"https:\\\/\\\/www.talca.cl\\\/\"},{\"@type\":\"ListItem\",\"position\":2,\"name\":\"Reclamaciones Tribunal Electoral Regional\"}]},{\"@type\":\"WebSite\",\"@id\":\"https:\\\/\\\/www.talca.cl\\\/#website\",\"url\":\"https:\\\/\\\/www.talca.cl\\\/\",\"name\":\"Ilustre Municipalidad de Talca\",\"description\":\"Ilustre Municipalidad de Talca, Talca, Municipalidad, 7\u00aa regi\u00f3n,  septima region, juan carlos diaz, jcd, avenda\u00f1o, piduco, maule,  talca chile\",\"potentialAction\":[{\"@type\":\"SearchAction\",\"target\":{\"@type\":\"EntryPoint\",\"urlTemplate\":\"https:\\\/\\\/www.talca.cl\\\/?s={search_term_string}\"},\"query-input\":{\"@type\":\"PropertyValueSpecification\",\"valueRequired\":true,\"valueName\":\"search_term_string\"}}],\"inLanguage\":\"es\"}]}<\/script>\n<!-- \/ Yoast SEO plugin. -->","yoast_head_json":{"title":"Ilustre Municipalidad de Talca","robots":{"index":"index","follow":"follow","max-snippet":"max-snippet:-1","max-image-preview":"max-image-preview:large","max-video-preview":"max-video-preview:-1"},"canonical":"https:\/\/www.talca.cl\/?page_id=14612","og_locale":"es_ES","og_type":"article","og_title":"Ilustre Municipalidad de Talca","og_description":"SOLICITUDES CAM RECLAMACIONES TER RESOLUCIONES TER SENTENCIAS TER Junta de Vecinos La Frontera OFICIO: RECLAMACI\u00d3N: Club Deportivo Uni\u00f3n Pac\u00edfico OFICIO: RECLAMACI\u00d3N: Centro Cultural Casa de la Mujer Yela de Talca OFICIO: RECLAMACI\u00d3N: Junta de Vecinos Villa Rio OFICIO: EXPEDIENTE: Junta de Vecinos Villa Ed\u00e9n de Talca OFICIO: EXPEDIENTE: Junta de Vecinos Villa Ed\u00e9n de Talca [&hellip;]","og_url":"https:\/\/www.talca.cl\/?page_id=14612","og_site_name":"Ilustre Municipalidad de Talca","article_modified_time":"2026-02-18T20:43:13+00:00","twitter_card":"summary_large_image","twitter_misc":{"Est. reading time":"1 minuto"},"schema":{"@context":"https:\/\/schema.org","@graph":[{"@type":"WebPage","@id":"https:\/\/www.talca.cl\/?page_id=14612","url":"https:\/\/www.talca.cl\/?page_id=14612","name":"Ilustre Municipalidad de Talca","isPartOf":{"@id":"https:\/\/www.talca.cl\/#website"},"datePublished":"2019-09-24T14:02:52+00:00","dateModified":"2026-02-18T20:43:13+00:00","breadcrumb":{"@id":"https:\/\/www.talca.cl\/?page_id=14612#breadcrumb"},"inLanguage":"es","potentialAction":[{"@type":"ReadAction","target":["https:\/\/www.talca.cl\/?page_id=14612"]}]},{"@type":"BreadcrumbList","@id":"https:\/\/www.talca.cl\/?page_id=14612#breadcrumb","itemListElement":[{"@type":"ListItem","position":1,"name":"Home","item":"https:\/\/www.talca.cl\/"},{"@type":"ListItem","position":2,"name":"Reclamaciones Tribunal Electoral Regional"}]},{"@type":"WebSite","@id":"https:\/\/www.talca.cl\/#website","url":"https:\/\/www.talca.cl\/","name":"Ilustre Municipalidad de Talca","description":"Ilustre Municipalidad de Talca, Talca, Municipalidad, 7\u00aa regi\u00f3n,  septima region, juan carlos diaz, jcd, avenda\u00f1o, piduco, maule,  talca chile","potentialAction":[{"@type":"SearchAction","target":{"@type":"EntryPoint","urlTemplate":"https:\/\/www.talca.cl\/?s={search_term_string}"},"query-input":{"@type":"PropertyValueSpecification","valueRequired":true,"valueName":"search_term_string"}}],"inLanguage":"es"}]}},"_links":{"self":[{"href":"https:\/\/www.talca.cl\/index.php?rest_route=\/wp\/v2\/pages\/14612","targetHints":{"allow":["GET"]}}],"collection":[{"href":"https:\/\/www.talca.cl\/index.php?rest_route=\/wp\/v2\/pages"}],"about":[{"href":"https:\/\/www.talca.cl\/index.php?rest_route=\/wp\/v2\/types\/page"}],"author":[{"embeddable":true,"href":"https:\/\/www.talca.cl\/index.php?rest_route=\/wp\/v2\/users\/1"}],"replies":[{"embeddable":true,"href":"https:\/\/www.talca.cl\/index.php?rest_route=%2Fwp%2Fv2%2Fcomments&post=14612"}],"version-history":[{"count":17,"href":"https:\/\/www.talca.cl\/index.php?rest_route=\/wp\/v2\/pages\/14612\/revisions"}],"predecessor-version":[{"id":26490,"href":"https:\/\/www.talca.cl\/index.php?rest_route=\/wp\/v2\/pages\/14612\/revisions\/26490"}],"wp:attachment":[{"href":"https:\/\/www.talca.cl\/index.php?rest_route=%2Fwp%2Fv2%2Fmedia&parent=14612"}],"curies":[{"name":"wp","href":"https:\/\/api.w.org\/{rel}","templated":true}]}}