{"id":20982,"date":"2022-03-11T14:51:41","date_gmt":"2022-03-11T18:51:41","guid":{"rendered":"https:\/\/www.talca.cl\/?page_id=20982"},"modified":"2025-09-08T09:22:09","modified_gmt":"2025-09-08T13:22:09","slug":"permiso-de-circulacion-2022","status":"publish","type":"page","link":"https:\/\/www.talca.cl\/?page_id=20982","title":{"rendered":"PERMISO DE CIRCULACI\u00d3N"},"content":{"rendered":"\n<p>Paga tu permiso de circulaci\u00f3n en Talca de forma ONLINE o PRESENCIAL<\/p>\n\n\n\n<p><strong>ONLINE<\/strong><\/p>\n\n\n\n<figure class=\"wp-block-image size-full\"><a href=\"https:\/\/ww17.e-com.cl\/Pagos\/PermisoCirculacion\/renovacion\/ecomv3\/?id=22\"><img loading=\"lazy\" decoding=\"async\" width=\"648\" height=\"132\" src=\"https:\/\/www.talca.cl\/wp-content\/uploads\/2022\/03\/paga-permiso-circulacion-copia.png\" alt=\"\" class=\"wp-image-21016\" srcset=\"https:\/\/www.talca.cl\/wp-content\/uploads\/2022\/03\/paga-permiso-circulacion-copia.png 648w, https:\/\/www.talca.cl\/wp-content\/uploads\/2022\/03\/paga-permiso-circulacion-copia-300x61.png 300w\" sizes=\"auto, (max-width: 648px) 100vw, 648px\" \/><\/a><\/figure>\n\n\n\n<p><\/p>\n\n\n\n<!-- \n<p><strong>PRESENCIAL<\/strong> <\/p>\n\n<p><strong>Desde el&nbsp;viernes&nbsp;05, se volver\u00e1 a atender solo en las Oficinas de la Direcci\u00f3n de Tr\u00e1nsito en horario de oficina, para la renovaci\u00f3n y pago de permisos, 4 poniente N\u00ba 1236 1 y 2 norte.<\/strong><\/p>\n-->\n\n\n\n<p><\/p>\n\n\n\n<p><strong>\u00bfQu\u00e9 m\u00e9todos de pago estar\u00e1n disponibles?<\/strong><\/p>\n\n\n\n<p>Pagos con tarjeta de d\u00e9bito, cr\u00e9dito y efectivo.<\/p>\n\n\n\n<p><strong>\u00bfQui\u00e9nes no podr\u00e1n pagar el permiso?<\/strong><\/p>\n\n\n\n<p>No podr\u00e1n pagar el permiso de circulaci\u00f3n todos aquellos contribuyentes que tengan multas pendientes o deban el permiso de a\u00f1os anteriores al actual sin haberlos justificado. Tampoco podr\u00e1n pagar quienes no tengan su revisi\u00f3n t\u00e9cnica al d\u00eda y el SOAP correspondiente al a\u00f1o actual.<\/p>\n\n\n\n<p><strong>\u00bfQu\u00e9 documentos debo llevar para realizar el pago?<\/strong><\/p>\n\n\n\n<p>La revisi\u00f3n t\u00e9cnica al d\u00eda y el SOAP correspondiente al a\u00f1o actual.<\/p>\n\n\n\n<p><strong>\u00bfSe puede realizar el tr\u00e1mite desde el extranjero?<\/strong><\/p>\n\n\n\n<p>S\u00ed, a trav\u00e9s del pago on-line, teniendo los antecedentes requeridos en el punto anterior.<\/p>\n\n\n\n<p><strong>Si el due\u00f1o del auto no puede realizar el tr\u00e1mite, \u00bflo puede efectuar otra persona en su reemplazo?<\/strong><\/p>\n\n\n\n<p>S\u00ed, puede hacerlo otra persona, siempre y cuando presente la documentaci\u00f3n requerida anteriormente.<\/p>\n\n\n\n<p><\/p>\n\n\n\n<p><\/p>\n\n\n\n<!--\n\n\n\n\n\n\n\n\n\n\n\n-->\n\n\n\n<p><\/p>\n\n\n\n<figure class=\"wp-block-image size-full\"><a href=\"https:\/\/soapweb.bciseguros.cl\/web\/DatosVehiculo.aspx?Convenios=993C617DA70FB01E96BC15B1D9B6FE4D\" target=\"_blank\" rel=\"noreferrer noopener\"><img loading=\"lazy\" decoding=\"async\" width=\"1024\" height=\"188\" src=\"https:\/\/www.talca.cl\/wp-content\/uploads\/2025\/03\/BANNER-BCI-DESK-CBT2024-1024x188-1.jpg\" alt=\"\" class=\"wp-image-25268\" srcset=\"https:\/\/www.talca.cl\/wp-content\/uploads\/2025\/03\/BANNER-BCI-DESK-CBT2024-1024x188-1.jpg 1024w, https:\/\/www.talca.cl\/wp-content\/uploads\/2025\/03\/BANNER-BCI-DESK-CBT2024-1024x188-1-300x55.jpg 300w, https:\/\/www.talca.cl\/wp-content\/uploads\/2025\/03\/BANNER-BCI-DESK-CBT2024-1024x188-1-768x141.jpg 768w, https:\/\/www.talca.cl\/wp-content\/uploads\/2025\/03\/BANNER-BCI-DESK-CBT2024-1024x188-1-696x128.jpg 696w\" sizes=\"auto, (max-width: 1024px) 100vw, 1024px\" \/><\/a><\/figure>\n\n\n\n<figure class=\"wp-block-image size-full\"><a href=\"https:\/\/soapweb.bciseguros.cl\/ConsultaPoliza.aspx?Convenios=993C617DA70FB01E96BC15B1D9B6FE4D&amp;c=R\" target=\"_blank\" rel=\"noreferrer noopener\"><img loading=\"lazy\" decoding=\"async\" width=\"1024\" height=\"188\" src=\"https:\/\/www.talca.cl\/wp-content\/uploads\/2025\/03\/BANNER-POLIZA.jpg\" alt=\"\" class=\"wp-image-25270\" srcset=\"https:\/\/www.talca.cl\/wp-content\/uploads\/2025\/03\/BANNER-POLIZA.jpg 1024w, https:\/\/www.talca.cl\/wp-content\/uploads\/2025\/03\/BANNER-POLIZA-300x55.jpg 300w, https:\/\/www.talca.cl\/wp-content\/uploads\/2025\/03\/BANNER-POLIZA-768x141.jpg 768w, https:\/\/www.talca.cl\/wp-content\/uploads\/2025\/03\/BANNER-POLIZA-696x128.jpg 696w\" sizes=\"auto, (max-width: 1024px) 100vw, 1024px\" \/><\/a><\/figure>\n\n\n","protected":false},"excerpt":{"rendered":"<p>Paga tu permiso de circulaci\u00f3n en Talca de forma ONLINE o PRESENCIAL ONLINE \u00bfQu\u00e9 m\u00e9todos de pago estar\u00e1n disponibles? Pagos con tarjeta de d\u00e9bito, cr\u00e9dito y efectivo. \u00bfQui\u00e9nes no podr\u00e1n pagar el permiso? No podr\u00e1n pagar el permiso de circulaci\u00f3n todos aquellos contribuyentes que tengan multas pendientes o deban el permiso de a\u00f1os anteriores al [&hellip;]<\/p>\n","protected":false},"author":1,"featured_media":0,"parent":0,"menu_order":0,"comment_status":"closed","ping_status":"closed","template":"","meta":{"footnotes":""},"class_list":["post-20982","page","type-page","status-publish"],"yoast_head":"<!-- This site is optimized with the Yoast SEO plugin v27.3 - https:\/\/yoast.com\/product\/yoast-seo-wordpress\/ -->\n<title>Ilustre Municipalidad de Talca<\/title>\n<meta name=\"robots\" content=\"index, follow, max-snippet:-1, max-image-preview:large, max-video-preview:-1\" \/>\n<link rel=\"canonical\" href=\"https:\/\/www.talca.cl\/?page_id=20982\" \/>\n<meta property=\"og:locale\" content=\"es_ES\" \/>\n<meta property=\"og:type\" content=\"article\" \/>\n<meta property=\"og:title\" content=\"Ilustre Municipalidad de Talca\" \/>\n<meta property=\"og:description\" content=\"Paga tu permiso de circulaci\u00f3n en Talca de forma ONLINE o PRESENCIAL ONLINE \u00bfQu\u00e9 m\u00e9todos de pago estar\u00e1n disponibles? Pagos con tarjeta de d\u00e9bito, cr\u00e9dito y efectivo. \u00bfQui\u00e9nes no podr\u00e1n pagar el permiso? No podr\u00e1n pagar el permiso de circulaci\u00f3n todos aquellos contribuyentes que tengan multas pendientes o deban el permiso de a\u00f1os anteriores al [&hellip;]\" \/>\n<meta property=\"og:url\" content=\"https:\/\/www.talca.cl\/?page_id=20982\" \/>\n<meta property=\"og:site_name\" content=\"Ilustre Municipalidad de Talca\" \/>\n<meta property=\"article:modified_time\" content=\"2025-09-08T13:22:09+00:00\" \/>\n<meta property=\"og:image\" content=\"https:\/\/www.talca.cl\/wp-content\/uploads\/2022\/03\/paga-permiso-circulacion-copia.png\" \/>\n<meta name=\"twitter:card\" content=\"summary_large_image\" \/>\n<meta name=\"twitter:label1\" content=\"Est. reading time\" \/>\n\t<meta name=\"twitter:data1\" content=\"2 minutos\" \/>\n<script type=\"application\/ld+json\" class=\"yoast-schema-graph\">{\"@context\":\"https:\\\/\\\/schema.org\",\"@graph\":[{\"@type\":\"WebPage\",\"@id\":\"https:\\\/\\\/www.talca.cl\\\/?page_id=20982\",\"url\":\"https:\\\/\\\/www.talca.cl\\\/?page_id=20982\",\"name\":\"Ilustre Municipalidad de Talca\",\"isPartOf\":{\"@id\":\"https:\\\/\\\/www.talca.cl\\\/#website\"},\"primaryImageOfPage\":{\"@id\":\"https:\\\/\\\/www.talca.cl\\\/?page_id=20982#primaryimage\"},\"image\":{\"@id\":\"https:\\\/\\\/www.talca.cl\\\/?page_id=20982#primaryimage\"},\"thumbnailUrl\":\"https:\\\/\\\/www.talca.cl\\\/wp-content\\\/uploads\\\/2022\\\/03\\\/paga-permiso-circulacion-copia.png\",\"datePublished\":\"2022-03-11T18:51:41+00:00\",\"dateModified\":\"2025-09-08T13:22:09+00:00\",\"breadcrumb\":{\"@id\":\"https:\\\/\\\/www.talca.cl\\\/?page_id=20982#breadcrumb\"},\"inLanguage\":\"es\",\"potentialAction\":[{\"@type\":\"ReadAction\",\"target\":[\"https:\\\/\\\/www.talca.cl\\\/?page_id=20982\"]}]},{\"@type\":\"ImageObject\",\"inLanguage\":\"es\",\"@id\":\"https:\\\/\\\/www.talca.cl\\\/?page_id=20982#primaryimage\",\"url\":\"https:\\\/\\\/www.talca.cl\\\/wp-content\\\/uploads\\\/2022\\\/03\\\/paga-permiso-circulacion-copia.png\",\"contentUrl\":\"https:\\\/\\\/www.talca.cl\\\/wp-content\\\/uploads\\\/2022\\\/03\\\/paga-permiso-circulacion-copia.png\",\"width\":648,\"height\":132},{\"@type\":\"BreadcrumbList\",\"@id\":\"https:\\\/\\\/www.talca.cl\\\/?page_id=20982#breadcrumb\",\"itemListElement\":[{\"@type\":\"ListItem\",\"position\":1,\"name\":\"Home\",\"item\":\"https:\\\/\\\/www.talca.cl\\\/\"},{\"@type\":\"ListItem\",\"position\":2,\"name\":\"PERMISO DE CIRCULACI\u00d3N\"}]},{\"@type\":\"WebSite\",\"@id\":\"https:\\\/\\\/www.talca.cl\\\/#website\",\"url\":\"https:\\\/\\\/www.talca.cl\\\/\",\"name\":\"Ilustre Municipalidad de Talca\",\"description\":\"Ilustre Municipalidad de Talca, Talca, Municipalidad, 7\u00aa regi\u00f3n,  septima region, juan carlos diaz, jcd, avenda\u00f1o, piduco, maule,  talca chile\",\"potentialAction\":[{\"@type\":\"SearchAction\",\"target\":{\"@type\":\"EntryPoint\",\"urlTemplate\":\"https:\\\/\\\/www.talca.cl\\\/?s={search_term_string}\"},\"query-input\":{\"@type\":\"PropertyValueSpecification\",\"valueRequired\":true,\"valueName\":\"search_term_string\"}}],\"inLanguage\":\"es\"}]}<\/script>\n<!-- \/ Yoast SEO plugin. -->","yoast_head_json":{"title":"Ilustre Municipalidad de Talca","robots":{"index":"index","follow":"follow","max-snippet":"max-snippet:-1","max-image-preview":"max-image-preview:large","max-video-preview":"max-video-preview:-1"},"canonical":"https:\/\/www.talca.cl\/?page_id=20982","og_locale":"es_ES","og_type":"article","og_title":"Ilustre Municipalidad de Talca","og_description":"Paga tu permiso de circulaci\u00f3n en Talca de forma ONLINE o PRESENCIAL ONLINE \u00bfQu\u00e9 m\u00e9todos de pago estar\u00e1n disponibles? Pagos con tarjeta de d\u00e9bito, cr\u00e9dito y efectivo. \u00bfQui\u00e9nes no podr\u00e1n pagar el permiso? No podr\u00e1n pagar el permiso de circulaci\u00f3n todos aquellos contribuyentes que tengan multas pendientes o deban el permiso de a\u00f1os anteriores al [&hellip;]","og_url":"https:\/\/www.talca.cl\/?page_id=20982","og_site_name":"Ilustre Municipalidad de Talca","article_modified_time":"2025-09-08T13:22:09+00:00","og_image":[{"url":"https:\/\/www.talca.cl\/wp-content\/uploads\/2022\/03\/paga-permiso-circulacion-copia.png","type":"","width":"","height":""}],"twitter_card":"summary_large_image","twitter_misc":{"Est. reading time":"2 minutos"},"schema":{"@context":"https:\/\/schema.org","@graph":[{"@type":"WebPage","@id":"https:\/\/www.talca.cl\/?page_id=20982","url":"https:\/\/www.talca.cl\/?page_id=20982","name":"Ilustre Municipalidad de Talca","isPartOf":{"@id":"https:\/\/www.talca.cl\/#website"},"primaryImageOfPage":{"@id":"https:\/\/www.talca.cl\/?page_id=20982#primaryimage"},"image":{"@id":"https:\/\/www.talca.cl\/?page_id=20982#primaryimage"},"thumbnailUrl":"https:\/\/www.talca.cl\/wp-content\/uploads\/2022\/03\/paga-permiso-circulacion-copia.png","datePublished":"2022-03-11T18:51:41+00:00","dateModified":"2025-09-08T13:22:09+00:00","breadcrumb":{"@id":"https:\/\/www.talca.cl\/?page_id=20982#breadcrumb"},"inLanguage":"es","potentialAction":[{"@type":"ReadAction","target":["https:\/\/www.talca.cl\/?page_id=20982"]}]},{"@type":"ImageObject","inLanguage":"es","@id":"https:\/\/www.talca.cl\/?page_id=20982#primaryimage","url":"https:\/\/www.talca.cl\/wp-content\/uploads\/2022\/03\/paga-permiso-circulacion-copia.png","contentUrl":"https:\/\/www.talca.cl\/wp-content\/uploads\/2022\/03\/paga-permiso-circulacion-copia.png","width":648,"height":132},{"@type":"BreadcrumbList","@id":"https:\/\/www.talca.cl\/?page_id=20982#breadcrumb","itemListElement":[{"@type":"ListItem","position":1,"name":"Home","item":"https:\/\/www.talca.cl\/"},{"@type":"ListItem","position":2,"name":"PERMISO DE CIRCULACI\u00d3N"}]},{"@type":"WebSite","@id":"https:\/\/www.talca.cl\/#website","url":"https:\/\/www.talca.cl\/","name":"Ilustre Municipalidad de Talca","description":"Ilustre Municipalidad de Talca, Talca, Municipalidad, 7\u00aa regi\u00f3n,  septima region, juan carlos diaz, jcd, avenda\u00f1o, piduco, maule,  talca chile","potentialAction":[{"@type":"SearchAction","target":{"@type":"EntryPoint","urlTemplate":"https:\/\/www.talca.cl\/?s={search_term_string}"},"query-input":{"@type":"PropertyValueSpecification","valueRequired":true,"valueName":"search_term_string"}}],"inLanguage":"es"}]}},"_links":{"self":[{"href":"https:\/\/www.talca.cl\/index.php?rest_route=\/wp\/v2\/pages\/20982","targetHints":{"allow":["GET"]}}],"collection":[{"href":"https:\/\/www.talca.cl\/index.php?rest_route=\/wp\/v2\/pages"}],"about":[{"href":"https:\/\/www.talca.cl\/index.php?rest_route=\/wp\/v2\/types\/page"}],"author":[{"embeddable":true,"href":"https:\/\/www.talca.cl\/index.php?rest_route=\/wp\/v2\/users\/1"}],"replies":[{"embeddable":true,"href":"https:\/\/www.talca.cl\/index.php?rest_route=%2Fwp%2Fv2%2Fcomments&post=20982"}],"version-history":[{"count":26,"href":"https:\/\/www.talca.cl\/index.php?rest_route=\/wp\/v2\/pages\/20982\/revisions"}],"predecessor-version":[{"id":25940,"href":"https:\/\/www.talca.cl\/index.php?rest_route=\/wp\/v2\/pages\/20982\/revisions\/25940"}],"wp:attachment":[{"href":"https:\/\/www.talca.cl\/index.php?rest_route=%2Fwp%2Fv2%2Fmedia&parent=20982"}],"curies":[{"name":"wp","href":"https:\/\/api.w.org\/{rel}","templated":true}]}}