{"id":24607,"date":"2024-08-05T12:24:43","date_gmt":"2024-08-05T16:24:43","guid":{"rendered":"https:\/\/www.talca.cl\/?page_id=24607"},"modified":"2025-01-10T15:13:03","modified_gmt":"2025-01-10T19:13:03","slug":"programa-regeneracion-de-conjuntos-habitacionales","status":"publish","type":"page","link":"https:\/\/www.talca.cl\/?page_id=24607","title":{"rendered":"PROGRAMA REGENERACI\u00d3N DE CONJUNTOS HABITACIONALES"},"content":{"rendered":"\n<p><strong>CRONOGRAMA POSTULACI\u00d3N PROGRAMA<\/strong><\/p>\n\n\n\n<div data-wp-interactive=\"core\/file\" class=\"wp-block-file\"><object data-wp-bind--hidden=\"!state.hasPdfPreview\" hidden class=\"wp-block-file__embed\" data=\"https:\/\/www.talca.cl\/wp-content\/uploads\/2024\/08\/CRONOGRAMA-POSTULACION-PROGRAMA-REGENERACION.pdf\" type=\"application\/pdf\" style=\"width:100%;height:600px\" aria-label=\"Embed of Incrustado de CRONOGRAMA-POSTULACION-PROGRAMA-REGENERACION..\"><\/object><a id=\"wp-block-file--media-0c7517f6-01d3-472d-91ec-b525a7d464ae\" href=\"https:\/\/www.talca.cl\/wp-content\/uploads\/2024\/08\/CRONOGRAMA-POSTULACION-PROGRAMA-REGENERACION.pdf\">CRONOGRAMA-POSTULACION-PROGRAMA-REGENERACION<\/a><a href=\"https:\/\/www.talca.cl\/wp-content\/uploads\/2024\/08\/CRONOGRAMA-POSTULACION-PROGRAMA-REGENERACION.pdf\" class=\"wp-block-file__button\" download aria-describedby=\"wp-block-file--media-0c7517f6-01d3-472d-91ec-b525a7d464ae\">Descarga<\/a><\/div>\n\n\n\n<div style=\"height:44px\" aria-hidden=\"true\" class=\"wp-block-spacer\"><\/div>\n\n\n\n<p><strong>Concurso Programa Regeneraci\u00f3n de Conjuntos Habitacionales &#8211; ARQUITECTO<\/strong><\/p>\n\n\n\n<div data-wp-interactive=\"core\/file\" class=\"wp-block-file\"><object data-wp-bind--hidden=\"!state.hasPdfPreview\" hidden class=\"wp-block-file__embed\" data=\"https:\/\/www.talca.cl\/wp-content\/uploads\/2024\/08\/Concurso-Programa-Regeneracion-de-Conjuntos-Habitacionales-ARQUITECTO.pdf\" type=\"application\/pdf\" style=\"width:100%;height:600px\" aria-label=\"Embed of Incrustado de Concurso-Programa-Regeneracion-de-Conjuntos-Habitacionales-ARQUITECTO..\"><\/object><a id=\"wp-block-file--media-90ec260e-38e9-407b-bff8-ef0262a31df5\" href=\"https:\/\/www.talca.cl\/wp-content\/uploads\/2024\/08\/Concurso-Programa-Regeneracion-de-Conjuntos-Habitacionales-ARQUITECTO.pdf\">Concurso-Programa-Regeneracion-de-Conjuntos-Habitacionales-ARQUITECTO<\/a><a href=\"https:\/\/www.talca.cl\/wp-content\/uploads\/2024\/08\/Concurso-Programa-Regeneracion-de-Conjuntos-Habitacionales-ARQUITECTO.pdf\" class=\"wp-block-file__button\" download aria-describedby=\"wp-block-file--media-90ec260e-38e9-407b-bff8-ef0262a31df5\">Descarga<\/a><\/div>\n\n\n\n<div style=\"height:44px\" aria-hidden=\"true\" class=\"wp-block-spacer\"><\/div>\n\n\n\n<p><strong>Concurso Programa Regeneraci\u00f3n de Conjuntos Habitacionales  -ENCARGADO SOCIAL<\/strong><\/p>\n\n\n\n<div data-wp-interactive=\"core\/file\" class=\"wp-block-file\"><object data-wp-bind--hidden=\"!state.hasPdfPreview\" hidden class=\"wp-block-file__embed\" data=\"https:\/\/www.talca.cl\/wp-content\/uploads\/2024\/08\/Concurso-Programa-Regeneracion-de-Conjuntos-Habitacionales-ENCARGADO-SOCIAL.pdf\" type=\"application\/pdf\" style=\"width:100%;height:600px\" aria-label=\"Embed of Incrustado de Concurso-Programa-Regeneracion-de-Conjuntos-Habitacionales-ENCARGADO-SOCIAL..\"><\/object><a id=\"wp-block-file--media-c505a9ae-9620-444f-b96d-2260d60fb1d4\" href=\"https:\/\/www.talca.cl\/wp-content\/uploads\/2024\/08\/Concurso-Programa-Regeneracion-de-Conjuntos-Habitacionales-ENCARGADO-SOCIAL.pdf\">Concurso-Programa-Regeneracion-de-Conjuntos-Habitacionales-ENCARGADO-SOCIAL<\/a><a href=\"https:\/\/www.talca.cl\/wp-content\/uploads\/2024\/08\/Concurso-Programa-Regeneracion-de-Conjuntos-Habitacionales-ENCARGADO-SOCIAL.pdf\" class=\"wp-block-file__button\" download aria-describedby=\"wp-block-file--media-c505a9ae-9620-444f-b96d-2260d60fb1d4\">Descarga<\/a><\/div>\n\n\n\n<p><\/p>\n\n\n\n<div style=\"height:44px\" aria-hidden=\"true\" class=\"wp-block-spacer\"><\/div>\n\n\n\n<p><strong>Concurso Programa Regeneraci\u00f3n de Conjuntos Habitacionales &#8211; PROFESIONAL SOCIAL<\/strong><\/p>\n\n\n\n<div data-wp-interactive=\"core\/file\" class=\"wp-block-file\"><object data-wp-bind--hidden=\"!state.hasPdfPreview\" hidden class=\"wp-block-file__embed\" data=\"https:\/\/www.talca.cl\/wp-content\/uploads\/2024\/08\/Concurso-Programa-Regeneracion-de-Conjuntos-Habitacionales-PROFESIONAL-SOCIAL.pdf\" type=\"application\/pdf\" style=\"width:100%;height:600px\" aria-label=\"Embed of Incrustado de Concurso-Programa-Regeneracion-de-Conjuntos-Habitacionales-PROFESIONAL-SOCIAL..\"><\/object><a id=\"wp-block-file--media-a5a009d1-d4d2-4fe5-b904-bab9fb4f6892\" href=\"https:\/\/www.talca.cl\/wp-content\/uploads\/2024\/08\/Concurso-Programa-Regeneracion-de-Conjuntos-Habitacionales-PROFESIONAL-SOCIAL.pdf\">Concurso-Programa-Regeneracion-de-Conjuntos-Habitacionales-PROFESIONAL-SOCIAL<\/a><a href=\"https:\/\/www.talca.cl\/wp-content\/uploads\/2024\/08\/Concurso-Programa-Regeneracion-de-Conjuntos-Habitacionales-PROFESIONAL-SOCIAL.pdf\" class=\"wp-block-file__button\" download aria-describedby=\"wp-block-file--media-a5a009d1-d4d2-4fe5-b904-bab9fb4f6892\">Descarga<\/a><\/div>\n\n\n\n<div style=\"height:44px\" aria-hidden=\"true\" class=\"wp-block-spacer\"><\/div>\n\n\n\n<p><strong>ACLARACIONES CONCURSO PROGRAMA REGENERACI\u00d3N<\/strong><\/p>\n\n\n\n<div data-wp-interactive=\"core\/file\" class=\"wp-block-file\"><object data-wp-bind--hidden=\"!state.hasPdfPreview\" hidden class=\"wp-block-file__embed\" data=\"https:\/\/www.talca.cl\/wp-content\/uploads\/2024\/08\/ACLARACIONES-CONCURSO-PROGRAMA-REGENERACION.pdf\" type=\"application\/pdf\" style=\"width:100%;height:600px\" aria-label=\"Embed of Incrustado de ACLARACIONES-CONCURSO-PROGRAMA-REGENERACION..\"><\/object><a id=\"wp-block-file--media-f4efcce4-d5db-4bfe-b898-0b50168f5493\" href=\"https:\/\/www.talca.cl\/wp-content\/uploads\/2024\/08\/ACLARACIONES-CONCURSO-PROGRAMA-REGENERACION.pdf\">ACLARACIONES-CONCURSO-PROGRAMA-REGENERACION<\/a><a href=\"https:\/\/www.talca.cl\/wp-content\/uploads\/2024\/08\/ACLARACIONES-CONCURSO-PROGRAMA-REGENERACION.pdf\" class=\"wp-block-file__button\" download aria-describedby=\"wp-block-file--media-f4efcce4-d5db-4bfe-b898-0b50168f5493\">Descarga<\/a><\/div>\n\n\n\n<p><\/p>\n\n\n\n<div style=\"height:44px\" aria-hidden=\"true\" class=\"wp-block-spacer\"><\/div>\n\n\n\n<p><strong>LISTADO PRIMERA SELECCI\u00d3N DE POSTULANTES<\/strong><\/p>\n\n\n\n<p><\/p>\n\n\n\n<div data-wp-interactive=\"core\/file\" class=\"wp-block-file\"><object data-wp-bind--hidden=\"!state.hasPdfPreview\" hidden class=\"wp-block-file__embed\" data=\"https:\/\/www.talca.cl\/wp-content\/uploads\/2024\/08\/LISTADO-PRIMERA-SELECCION-DE-POSTULANTES.pdf\" type=\"application\/pdf\" style=\"width:100%;height:600px\" aria-label=\"Embed of Incrustado de LISTADO-PRIMERA-SELECCION-DE-POSTULANTES..\"><\/object><a id=\"wp-block-file--media-ad44e273-2498-4177-b4f8-0a578dd01725\" href=\"https:\/\/www.talca.cl\/wp-content\/uploads\/2024\/08\/LISTADO-PRIMERA-SELECCION-DE-POSTULANTES.pdf\">LISTADO-PRIMERA-SELECCION-DE-POSTULANTES<\/a><a href=\"https:\/\/www.talca.cl\/wp-content\/uploads\/2024\/08\/LISTADO-PRIMERA-SELECCION-DE-POSTULANTES.pdf\" class=\"wp-block-file__button\" download aria-describedby=\"wp-block-file--media-ad44e273-2498-4177-b4f8-0a578dd01725\">Descarga<\/a><\/div>\n\n\n\n<div style=\"height:40px\" aria-hidden=\"true\" class=\"wp-block-spacer\"><\/div>\n\n\n\n<p><strong>DESERCI\u00d3N<\/strong><\/p>\n\n\n\n<div data-wp-interactive=\"core\/file\" class=\"wp-block-file\"><object data-wp-bind--hidden=\"!state.hasPdfPreview\" hidden class=\"wp-block-file__embed\" data=\"https:\/\/www.talca.cl\/wp-content\/uploads\/2025\/01\/DTO_11299-DESERCION-2.pdf\" type=\"application\/pdf\" style=\"width:100%;height:600px\" aria-label=\"Embed of Incrustado de DTO_11299-DESERCION-2..\"><\/object><a id=\"wp-block-file--media-7b80a966-dee3-4953-a5dd-72c6c9e17f4b\" href=\"https:\/\/www.talca.cl\/wp-content\/uploads\/2025\/01\/DTO_11299-DESERCION-2.pdf\">DTO_11299-DESERCION-2<\/a><a href=\"https:\/\/www.talca.cl\/wp-content\/uploads\/2025\/01\/DTO_11299-DESERCION-2.pdf\" class=\"wp-block-file__button\" download aria-describedby=\"wp-block-file--media-7b80a966-dee3-4953-a5dd-72c6c9e17f4b\">Descarga<\/a><\/div>\n\n\n\n<p><\/p>\n","protected":false},"excerpt":{"rendered":"<p>CRONOGRAMA POSTULACI\u00d3N PROGRAMA Concurso Programa Regeneraci\u00f3n de Conjuntos Habitacionales &#8211; ARQUITECTO Concurso Programa Regeneraci\u00f3n de Conjuntos Habitacionales -ENCARGADO SOCIAL Concurso Programa Regeneraci\u00f3n de Conjuntos Habitacionales &#8211; PROFESIONAL SOCIAL ACLARACIONES CONCURSO PROGRAMA REGENERACI\u00d3N LISTADO PRIMERA SELECCI\u00d3N DE POSTULANTES DESERCI\u00d3N<\/p>\n","protected":false},"author":1,"featured_media":0,"parent":0,"menu_order":0,"comment_status":"closed","ping_status":"closed","template":"","meta":{"footnotes":""},"class_list":["post-24607","page","type-page","status-publish"],"yoast_head":"<!-- This site is optimized with the Yoast SEO plugin v27.3 - https:\/\/yoast.com\/product\/yoast-seo-wordpress\/ -->\n<title>Ilustre Municipalidad de Talca<\/title>\n<meta name=\"robots\" content=\"index, follow, max-snippet:-1, max-image-preview:large, max-video-preview:-1\" \/>\n<link rel=\"canonical\" href=\"https:\/\/www.talca.cl\/?page_id=24607\" \/>\n<meta property=\"og:locale\" content=\"es_ES\" \/>\n<meta property=\"og:type\" content=\"article\" \/>\n<meta property=\"og:title\" content=\"Ilustre Municipalidad de Talca\" \/>\n<meta property=\"og:description\" content=\"CRONOGRAMA POSTULACI\u00d3N PROGRAMA Concurso Programa Regeneraci\u00f3n de Conjuntos Habitacionales &#8211; ARQUITECTO Concurso Programa Regeneraci\u00f3n de Conjuntos Habitacionales -ENCARGADO SOCIAL Concurso Programa Regeneraci\u00f3n de Conjuntos Habitacionales &#8211; PROFESIONAL SOCIAL ACLARACIONES CONCURSO PROGRAMA REGENERACI\u00d3N LISTADO PRIMERA SELECCI\u00d3N DE POSTULANTES DESERCI\u00d3N\" \/>\n<meta property=\"og:url\" content=\"https:\/\/www.talca.cl\/?page_id=24607\" \/>\n<meta property=\"og:site_name\" content=\"Ilustre Municipalidad de Talca\" \/>\n<meta property=\"article:modified_time\" content=\"2025-01-10T19:13:03+00:00\" \/>\n<meta name=\"twitter:card\" content=\"summary_large_image\" \/>\n<meta name=\"twitter:label1\" content=\"Est. reading time\" \/>\n\t<meta name=\"twitter:data1\" content=\"1 minuto\" \/>\n<script type=\"application\/ld+json\" class=\"yoast-schema-graph\">{\"@context\":\"https:\\\/\\\/schema.org\",\"@graph\":[{\"@type\":\"WebPage\",\"@id\":\"https:\\\/\\\/www.talca.cl\\\/?page_id=24607\",\"url\":\"https:\\\/\\\/www.talca.cl\\\/?page_id=24607\",\"name\":\"Ilustre Municipalidad de Talca\",\"isPartOf\":{\"@id\":\"https:\\\/\\\/www.talca.cl\\\/#website\"},\"datePublished\":\"2024-08-05T16:24:43+00:00\",\"dateModified\":\"2025-01-10T19:13:03+00:00\",\"breadcrumb\":{\"@id\":\"https:\\\/\\\/www.talca.cl\\\/?page_id=24607#breadcrumb\"},\"inLanguage\":\"es\",\"potentialAction\":[{\"@type\":\"ReadAction\",\"target\":[\"https:\\\/\\\/www.talca.cl\\\/?page_id=24607\"]}]},{\"@type\":\"BreadcrumbList\",\"@id\":\"https:\\\/\\\/www.talca.cl\\\/?page_id=24607#breadcrumb\",\"itemListElement\":[{\"@type\":\"ListItem\",\"position\":1,\"name\":\"Home\",\"item\":\"https:\\\/\\\/www.talca.cl\\\/\"},{\"@type\":\"ListItem\",\"position\":2,\"name\":\"PROGRAMA REGENERACI\u00d3N DE CONJUNTOS HABITACIONALES\"}]},{\"@type\":\"WebSite\",\"@id\":\"https:\\\/\\\/www.talca.cl\\\/#website\",\"url\":\"https:\\\/\\\/www.talca.cl\\\/\",\"name\":\"Ilustre Municipalidad de Talca\",\"description\":\"Ilustre Municipalidad de Talca, Talca, Municipalidad, 7\u00aa regi\u00f3n,  septima region, juan carlos diaz, jcd, avenda\u00f1o, piduco, maule,  talca chile\",\"potentialAction\":[{\"@type\":\"SearchAction\",\"target\":{\"@type\":\"EntryPoint\",\"urlTemplate\":\"https:\\\/\\\/www.talca.cl\\\/?s={search_term_string}\"},\"query-input\":{\"@type\":\"PropertyValueSpecification\",\"valueRequired\":true,\"valueName\":\"search_term_string\"}}],\"inLanguage\":\"es\"}]}<\/script>\n<!-- \/ Yoast SEO plugin. -->","yoast_head_json":{"title":"Ilustre Municipalidad de Talca","robots":{"index":"index","follow":"follow","max-snippet":"max-snippet:-1","max-image-preview":"max-image-preview:large","max-video-preview":"max-video-preview:-1"},"canonical":"https:\/\/www.talca.cl\/?page_id=24607","og_locale":"es_ES","og_type":"article","og_title":"Ilustre Municipalidad de Talca","og_description":"CRONOGRAMA POSTULACI\u00d3N PROGRAMA Concurso Programa Regeneraci\u00f3n de Conjuntos Habitacionales &#8211; ARQUITECTO Concurso Programa Regeneraci\u00f3n de Conjuntos Habitacionales -ENCARGADO SOCIAL Concurso Programa Regeneraci\u00f3n de Conjuntos Habitacionales &#8211; PROFESIONAL SOCIAL ACLARACIONES CONCURSO PROGRAMA REGENERACI\u00d3N LISTADO PRIMERA SELECCI\u00d3N DE POSTULANTES DESERCI\u00d3N","og_url":"https:\/\/www.talca.cl\/?page_id=24607","og_site_name":"Ilustre Municipalidad de Talca","article_modified_time":"2025-01-10T19:13:03+00:00","twitter_card":"summary_large_image","twitter_misc":{"Est. reading time":"1 minuto"},"schema":{"@context":"https:\/\/schema.org","@graph":[{"@type":"WebPage","@id":"https:\/\/www.talca.cl\/?page_id=24607","url":"https:\/\/www.talca.cl\/?page_id=24607","name":"Ilustre Municipalidad de Talca","isPartOf":{"@id":"https:\/\/www.talca.cl\/#website"},"datePublished":"2024-08-05T16:24:43+00:00","dateModified":"2025-01-10T19:13:03+00:00","breadcrumb":{"@id":"https:\/\/www.talca.cl\/?page_id=24607#breadcrumb"},"inLanguage":"es","potentialAction":[{"@type":"ReadAction","target":["https:\/\/www.talca.cl\/?page_id=24607"]}]},{"@type":"BreadcrumbList","@id":"https:\/\/www.talca.cl\/?page_id=24607#breadcrumb","itemListElement":[{"@type":"ListItem","position":1,"name":"Home","item":"https:\/\/www.talca.cl\/"},{"@type":"ListItem","position":2,"name":"PROGRAMA REGENERACI\u00d3N DE CONJUNTOS HABITACIONALES"}]},{"@type":"WebSite","@id":"https:\/\/www.talca.cl\/#website","url":"https:\/\/www.talca.cl\/","name":"Ilustre Municipalidad de Talca","description":"Ilustre Municipalidad de Talca, Talca, Municipalidad, 7\u00aa regi\u00f3n,  septima region, juan carlos diaz, jcd, avenda\u00f1o, piduco, maule,  talca chile","potentialAction":[{"@type":"SearchAction","target":{"@type":"EntryPoint","urlTemplate":"https:\/\/www.talca.cl\/?s={search_term_string}"},"query-input":{"@type":"PropertyValueSpecification","valueRequired":true,"valueName":"search_term_string"}}],"inLanguage":"es"}]}},"_links":{"self":[{"href":"https:\/\/www.talca.cl\/index.php?rest_route=\/wp\/v2\/pages\/24607","targetHints":{"allow":["GET"]}}],"collection":[{"href":"https:\/\/www.talca.cl\/index.php?rest_route=\/wp\/v2\/pages"}],"about":[{"href":"https:\/\/www.talca.cl\/index.php?rest_route=\/wp\/v2\/types\/page"}],"author":[{"embeddable":true,"href":"https:\/\/www.talca.cl\/index.php?rest_route=\/wp\/v2\/users\/1"}],"replies":[{"embeddable":true,"href":"https:\/\/www.talca.cl\/index.php?rest_route=%2Fwp%2Fv2%2Fcomments&post=24607"}],"version-history":[{"count":6,"href":"https:\/\/www.talca.cl\/index.php?rest_route=\/wp\/v2\/pages\/24607\/revisions"}],"predecessor-version":[{"id":25052,"href":"https:\/\/www.talca.cl\/index.php?rest_route=\/wp\/v2\/pages\/24607\/revisions\/25052"}],"wp:attachment":[{"href":"https:\/\/www.talca.cl\/index.php?rest_route=%2Fwp%2Fv2%2Fmedia&parent=24607"}],"curies":[{"name":"wp","href":"https:\/\/api.w.org\/{rel}","templated":true}]}}