{"id":24683,"date":"2024-08-21T17:00:29","date_gmt":"2024-08-21T21:00:29","guid":{"rendered":"https:\/\/www.talca.cl\/?page_id=24683"},"modified":"2025-08-20T09:18:50","modified_gmt":"2025-08-20T13:18:50","slug":"veterinaria-municipal","status":"publish","type":"page","link":"https:\/\/www.talca.cl\/?page_id=24683","title":{"rendered":"Veterinaria Municipal"},"content":{"rendered":"\n<p><strong>\u00bfD\u00f3nde est\u00e1 ubicada?<\/strong><\/p>\n\n\n\n<p>En calle 6 Norte N\u00ba2430, entre 16 y 18 Oriente, sector Parque Industrial, Talca.<\/p>\n\n\n\n<p><strong>\u00bfCu\u00e1l es su horario de atenci\u00f3n y tel\u00e9fonos?<\/strong><\/p>\n\n\n\n<p>Atiende&nbsp; de&nbsp;lunes&nbsp;a&nbsp;s\u00e1bado (excepto feriados) desde&nbsp; las 08:15 a 20:00 horas y el tel\u00e9fono de contacto es el 961200601.<\/p>\n\n\n\n<p><strong>\u00bfQu\u00e9 servicios brinda?<\/strong><\/p>\n\n\n\n<p>Ofrecemos atenci\u00f3n para control sano, manejos con fluidoterapia y urgencias para estabilizar al paciente. Realizamos eutanasias siempre que el m\u00e9dico lo indique mediante diagn\u00f3stico, as\u00ed como esterilizaciones, castraciones y aseos quir\u00fargicos b\u00e1sicos. Tambi\u00e9n manejamos enfermedades infecciosas y brindamos beneficios a bajo costo en ex\u00e1menes de sangre, radiograf\u00edas y ecograf\u00edas.<\/p>\n\n\n\n<p><strong>\u00bfCu\u00e1les son los requisitos para la atenci\u00f3n?<\/strong><\/p>\n\n\n\n<p>Una novedad importante a destacar es la extensi\u00f3n de la cobertura de atenci\u00f3n al 60% m\u00e1s vulnerable de la comuna de Talca.&nbsp; La atenci\u00f3n ser\u00e1 gratuita para las mascotas de los vecinos y vecinas de Talca, representando un ahorro para las familias, en cuanto a los gastos de cuidados y tratamientos requeridos por sus animales.<\/p>\n\n\n\n<p><strong>\u00bfC\u00f3mo nace la idea de esta nueva veterinaria?<\/strong><\/p>\n\n\n\n<p>En el mes de octubre del a\u00f1o 2021, la Municipalidad de Talca realiz\u00f3 la Consulta Ciudadana \u201cTalca Participa\u201d, donde se convoc\u00f3 a todos los talquinos de 14 a\u00f1os o m\u00e1s de la comuna. En dicha instancia se registraron 50.080 votos en la plataforma habilitada. En el \u00e1rea de cuidado y protecci\u00f3n del medioambiente: con 25,2% de los votos, los talquinos priorizaron la construcci\u00f3n centro integral veterinario.<\/p>\n\n\n\n<p><strong>\u00bfQu\u00e9 dijo el alcalde de Talca durante su inauguraci\u00f3n?<\/strong><\/p>\n\n\n\n<p>El alcalde de Talca coment\u00f3 la modernizaci\u00f3n que el municipio ha tenido en la atenci\u00f3n de perros y gatos, mencionando que&nbsp;\u201cnosotros ten\u00edamos una veterinaria que atend\u00eda principalmente perros, despu\u00e9s se implement\u00f3 una gatera y&nbsp;hoy&nbsp;d\u00eda ya tenemos un centro de alto est\u00e1ndar\u201d. \u201cCreemos que esta infraestructura re\u00fane todos los requisitos y est\u00e1ndares para entregar un buen servicio a nuestra comunidad\u201d.<\/p>\n","protected":false},"excerpt":{"rendered":"<p>\u00bfD\u00f3nde est\u00e1 ubicada? En calle 6 Norte N\u00ba2430, entre 16 y 18 Oriente, sector Parque Industrial, Talca. \u00bfCu\u00e1l es su horario de atenci\u00f3n y tel\u00e9fonos? Atiende&nbsp; de&nbsp;lunes&nbsp;a&nbsp;s\u00e1bado (excepto feriados) desde&nbsp; las 08:15 a 20:00 horas y el tel\u00e9fono de contacto es el 961200601. \u00bfQu\u00e9 servicios brinda? Ofrecemos atenci\u00f3n para control sano, manejos con fluidoterapia y [&hellip;]<\/p>\n","protected":false},"author":1,"featured_media":0,"parent":0,"menu_order":0,"comment_status":"closed","ping_status":"closed","template":"","meta":{"footnotes":""},"class_list":["post-24683","page","type-page","status-publish"],"yoast_head":"<!-- This site is optimized with the Yoast SEO plugin v27.3 - https:\/\/yoast.com\/product\/yoast-seo-wordpress\/ -->\n<title>Ilustre Municipalidad de Talca<\/title>\n<meta name=\"robots\" content=\"index, follow, max-snippet:-1, max-image-preview:large, max-video-preview:-1\" \/>\n<link rel=\"canonical\" href=\"https:\/\/www.talca.cl\/?page_id=24683\" \/>\n<meta property=\"og:locale\" content=\"es_ES\" \/>\n<meta property=\"og:type\" content=\"article\" \/>\n<meta property=\"og:title\" content=\"Ilustre Municipalidad de Talca\" \/>\n<meta property=\"og:description\" content=\"\u00bfD\u00f3nde est\u00e1 ubicada? En calle 6 Norte N\u00ba2430, entre 16 y 18 Oriente, sector Parque Industrial, Talca. \u00bfCu\u00e1l es su horario de atenci\u00f3n y tel\u00e9fonos? Atiende&nbsp; de&nbsp;lunes&nbsp;a&nbsp;s\u00e1bado (excepto feriados) desde&nbsp; las 08:15 a 20:00 horas y el tel\u00e9fono de contacto es el 961200601. \u00bfQu\u00e9 servicios brinda? Ofrecemos atenci\u00f3n para control sano, manejos con fluidoterapia y [&hellip;]\" \/>\n<meta property=\"og:url\" content=\"https:\/\/www.talca.cl\/?page_id=24683\" \/>\n<meta property=\"og:site_name\" content=\"Ilustre Municipalidad de Talca\" \/>\n<meta property=\"article:modified_time\" content=\"2025-08-20T13:18:50+00:00\" \/>\n<meta name=\"twitter:card\" content=\"summary_large_image\" \/>\n<meta name=\"twitter:label1\" content=\"Est. reading time\" \/>\n\t<meta name=\"twitter:data1\" content=\"2 minutos\" \/>\n<script type=\"application\/ld+json\" class=\"yoast-schema-graph\">{\"@context\":\"https:\\\/\\\/schema.org\",\"@graph\":[{\"@type\":\"WebPage\",\"@id\":\"https:\\\/\\\/www.talca.cl\\\/?page_id=24683\",\"url\":\"https:\\\/\\\/www.talca.cl\\\/?page_id=24683\",\"name\":\"Ilustre Municipalidad de Talca\",\"isPartOf\":{\"@id\":\"https:\\\/\\\/www.talca.cl\\\/#website\"},\"datePublished\":\"2024-08-21T21:00:29+00:00\",\"dateModified\":\"2025-08-20T13:18:50+00:00\",\"breadcrumb\":{\"@id\":\"https:\\\/\\\/www.talca.cl\\\/?page_id=24683#breadcrumb\"},\"inLanguage\":\"es\",\"potentialAction\":[{\"@type\":\"ReadAction\",\"target\":[\"https:\\\/\\\/www.talca.cl\\\/?page_id=24683\"]}]},{\"@type\":\"BreadcrumbList\",\"@id\":\"https:\\\/\\\/www.talca.cl\\\/?page_id=24683#breadcrumb\",\"itemListElement\":[{\"@type\":\"ListItem\",\"position\":1,\"name\":\"Home\",\"item\":\"https:\\\/\\\/www.talca.cl\\\/\"},{\"@type\":\"ListItem\",\"position\":2,\"name\":\"Veterinaria Municipal\"}]},{\"@type\":\"WebSite\",\"@id\":\"https:\\\/\\\/www.talca.cl\\\/#website\",\"url\":\"https:\\\/\\\/www.talca.cl\\\/\",\"name\":\"Ilustre Municipalidad de Talca\",\"description\":\"Ilustre Municipalidad de Talca, Talca, Municipalidad, 7\u00aa regi\u00f3n,  septima region, juan carlos diaz, jcd, avenda\u00f1o, piduco, maule,  talca chile\",\"potentialAction\":[{\"@type\":\"SearchAction\",\"target\":{\"@type\":\"EntryPoint\",\"urlTemplate\":\"https:\\\/\\\/www.talca.cl\\\/?s={search_term_string}\"},\"query-input\":{\"@type\":\"PropertyValueSpecification\",\"valueRequired\":true,\"valueName\":\"search_term_string\"}}],\"inLanguage\":\"es\"}]}<\/script>\n<!-- \/ Yoast SEO plugin. -->","yoast_head_json":{"title":"Ilustre Municipalidad de Talca","robots":{"index":"index","follow":"follow","max-snippet":"max-snippet:-1","max-image-preview":"max-image-preview:large","max-video-preview":"max-video-preview:-1"},"canonical":"https:\/\/www.talca.cl\/?page_id=24683","og_locale":"es_ES","og_type":"article","og_title":"Ilustre Municipalidad de Talca","og_description":"\u00bfD\u00f3nde est\u00e1 ubicada? En calle 6 Norte N\u00ba2430, entre 16 y 18 Oriente, sector Parque Industrial, Talca. \u00bfCu\u00e1l es su horario de atenci\u00f3n y tel\u00e9fonos? Atiende&nbsp; de&nbsp;lunes&nbsp;a&nbsp;s\u00e1bado (excepto feriados) desde&nbsp; las 08:15 a 20:00 horas y el tel\u00e9fono de contacto es el 961200601. \u00bfQu\u00e9 servicios brinda? Ofrecemos atenci\u00f3n para control sano, manejos con fluidoterapia y [&hellip;]","og_url":"https:\/\/www.talca.cl\/?page_id=24683","og_site_name":"Ilustre Municipalidad de Talca","article_modified_time":"2025-08-20T13:18:50+00:00","twitter_card":"summary_large_image","twitter_misc":{"Est. reading time":"2 minutos"},"schema":{"@context":"https:\/\/schema.org","@graph":[{"@type":"WebPage","@id":"https:\/\/www.talca.cl\/?page_id=24683","url":"https:\/\/www.talca.cl\/?page_id=24683","name":"Ilustre Municipalidad de Talca","isPartOf":{"@id":"https:\/\/www.talca.cl\/#website"},"datePublished":"2024-08-21T21:00:29+00:00","dateModified":"2025-08-20T13:18:50+00:00","breadcrumb":{"@id":"https:\/\/www.talca.cl\/?page_id=24683#breadcrumb"},"inLanguage":"es","potentialAction":[{"@type":"ReadAction","target":["https:\/\/www.talca.cl\/?page_id=24683"]}]},{"@type":"BreadcrumbList","@id":"https:\/\/www.talca.cl\/?page_id=24683#breadcrumb","itemListElement":[{"@type":"ListItem","position":1,"name":"Home","item":"https:\/\/www.talca.cl\/"},{"@type":"ListItem","position":2,"name":"Veterinaria Municipal"}]},{"@type":"WebSite","@id":"https:\/\/www.talca.cl\/#website","url":"https:\/\/www.talca.cl\/","name":"Ilustre Municipalidad de Talca","description":"Ilustre Municipalidad de Talca, Talca, Municipalidad, 7\u00aa regi\u00f3n,  septima region, juan carlos diaz, jcd, avenda\u00f1o, piduco, maule,  talca chile","potentialAction":[{"@type":"SearchAction","target":{"@type":"EntryPoint","urlTemplate":"https:\/\/www.talca.cl\/?s={search_term_string}"},"query-input":{"@type":"PropertyValueSpecification","valueRequired":true,"valueName":"search_term_string"}}],"inLanguage":"es"}]}},"_links":{"self":[{"href":"https:\/\/www.talca.cl\/index.php?rest_route=\/wp\/v2\/pages\/24683","targetHints":{"allow":["GET"]}}],"collection":[{"href":"https:\/\/www.talca.cl\/index.php?rest_route=\/wp\/v2\/pages"}],"about":[{"href":"https:\/\/www.talca.cl\/index.php?rest_route=\/wp\/v2\/types\/page"}],"author":[{"embeddable":true,"href":"https:\/\/www.talca.cl\/index.php?rest_route=\/wp\/v2\/users\/1"}],"replies":[{"embeddable":true,"href":"https:\/\/www.talca.cl\/index.php?rest_route=%2Fwp%2Fv2%2Fcomments&post=24683"}],"version-history":[{"count":3,"href":"https:\/\/www.talca.cl\/index.php?rest_route=\/wp\/v2\/pages\/24683\/revisions"}],"predecessor-version":[{"id":25841,"href":"https:\/\/www.talca.cl\/index.php?rest_route=\/wp\/v2\/pages\/24683\/revisions\/25841"}],"wp:attachment":[{"href":"https:\/\/www.talca.cl\/index.php?rest_route=%2Fwp%2Fv2%2Fmedia&parent=24683"}],"curies":[{"name":"wp","href":"https:\/\/api.w.org\/{rel}","templated":true}]}}