{"id":26676,"date":"2026-04-28T17:08:20","date_gmt":"2026-04-28T21:08:20","guid":{"rendered":"https:\/\/www.talca.cl\/?page_id=26676"},"modified":"2026-04-28T17:14:00","modified_gmt":"2026-04-28T21:14:00","slug":"cuenta-publica-2025","status":"publish","type":"page","link":"https:\/\/www.talca.cl\/?page_id=26676","title":{"rendered":"Cuenta P\u00fablica 2025"},"content":{"rendered":"\n<p>En la Municipalidad de Talca seguimos avanzando junto a nuestros vecinos y vecinas.&nbsp;Esta Cuenta P\u00fablica refleja el trabajo, compromiso y la gesti\u00f3n realizada durante el \u00faltimo a\u00f1o para construir una comuna m\u00e1s segura, moderna, limpia y con m\u00e1s oportunidades para todos. Te invitamos a conocer los principales avances, proyectos e iniciativas que han mejorado la calidad de vida de nuestra comunidad y que nos impulsan a seguir creciendo unidos.<\/p>\n\n\n<div class=\"real3dflipbook\" id=\"4_69f2049198071\" style=\"position:absolute;\"><\/div>\n","protected":false},"excerpt":{"rendered":"<p>En la Municipalidad de Talca seguimos avanzando junto a nuestros vecinos y vecinas.&nbsp;Esta Cuenta P\u00fablica refleja el trabajo, compromiso y la gesti\u00f3n realizada durante el \u00faltimo a\u00f1o para construir una comuna m\u00e1s segura, moderna, limpia y con m\u00e1s oportunidades para todos. Te invitamos a conocer los principales avances, proyectos e iniciativas que han mejorado la [&hellip;]<\/p>\n","protected":false},"author":1,"featured_media":0,"parent":0,"menu_order":0,"comment_status":"closed","ping_status":"closed","template":"","meta":{"footnotes":""},"class_list":["post-26676","page","type-page","status-publish"],"yoast_head":"<!-- This site is optimized with the Yoast SEO plugin v27.3 - https:\/\/yoast.com\/product\/yoast-seo-wordpress\/ -->\n<title>Ilustre Municipalidad de Talca<\/title>\n<meta name=\"robots\" content=\"index, follow, max-snippet:-1, max-image-preview:large, max-video-preview:-1\" \/>\n<link rel=\"canonical\" href=\"https:\/\/www.talca.cl\/?page_id=26676\" \/>\n<meta property=\"og:locale\" content=\"es_ES\" \/>\n<meta property=\"og:type\" content=\"article\" \/>\n<meta property=\"og:title\" content=\"Ilustre Municipalidad de Talca\" \/>\n<meta property=\"og:description\" content=\"En la Municipalidad de Talca seguimos avanzando junto a nuestros vecinos y vecinas.&nbsp;Esta Cuenta P\u00fablica refleja el trabajo, compromiso y la gesti\u00f3n realizada durante el \u00faltimo a\u00f1o para construir una comuna m\u00e1s segura, moderna, limpia y con m\u00e1s oportunidades para todos. Te invitamos a conocer los principales avances, proyectos e iniciativas que han mejorado la [&hellip;]\" \/>\n<meta property=\"og:url\" content=\"https:\/\/www.talca.cl\/?page_id=26676\" \/>\n<meta property=\"og:site_name\" content=\"Ilustre Municipalidad de Talca\" \/>\n<meta property=\"article:modified_time\" content=\"2026-04-28T21:14:00+00:00\" \/>\n<meta name=\"twitter:card\" content=\"summary_large_image\" \/>\n<meta name=\"twitter:label1\" content=\"Est. reading time\" \/>\n\t<meta name=\"twitter:data1\" content=\"1 minuto\" \/>\n<script type=\"application\/ld+json\" class=\"yoast-schema-graph\">{\"@context\":\"https:\\\/\\\/schema.org\",\"@graph\":[{\"@type\":\"WebPage\",\"@id\":\"https:\\\/\\\/www.talca.cl\\\/?page_id=26676\",\"url\":\"https:\\\/\\\/www.talca.cl\\\/?page_id=26676\",\"name\":\"Ilustre Municipalidad de Talca\",\"isPartOf\":{\"@id\":\"https:\\\/\\\/www.talca.cl\\\/#website\"},\"datePublished\":\"2026-04-28T21:08:20+00:00\",\"dateModified\":\"2026-04-28T21:14:00+00:00\",\"breadcrumb\":{\"@id\":\"https:\\\/\\\/www.talca.cl\\\/?page_id=26676#breadcrumb\"},\"inLanguage\":\"es\",\"potentialAction\":[{\"@type\":\"ReadAction\",\"target\":[\"https:\\\/\\\/www.talca.cl\\\/?page_id=26676\"]}]},{\"@type\":\"BreadcrumbList\",\"@id\":\"https:\\\/\\\/www.talca.cl\\\/?page_id=26676#breadcrumb\",\"itemListElement\":[{\"@type\":\"ListItem\",\"position\":1,\"name\":\"Home\",\"item\":\"https:\\\/\\\/www.talca.cl\\\/\"},{\"@type\":\"ListItem\",\"position\":2,\"name\":\"Cuenta P\u00fablica 2025\"}]},{\"@type\":\"WebSite\",\"@id\":\"https:\\\/\\\/www.talca.cl\\\/#website\",\"url\":\"https:\\\/\\\/www.talca.cl\\\/\",\"name\":\"Ilustre Municipalidad de Talca\",\"description\":\"Ilustre Municipalidad de Talca, Talca, Municipalidad, 7\u00aa regi\u00f3n,  septima region, juan carlos diaz, jcd, avenda\u00f1o, piduco, maule,  talca chile\",\"potentialAction\":[{\"@type\":\"SearchAction\",\"target\":{\"@type\":\"EntryPoint\",\"urlTemplate\":\"https:\\\/\\\/www.talca.cl\\\/?s={search_term_string}\"},\"query-input\":{\"@type\":\"PropertyValueSpecification\",\"valueRequired\":true,\"valueName\":\"search_term_string\"}}],\"inLanguage\":\"es\"}]}<\/script>\n<!-- \/ Yoast SEO plugin. -->","yoast_head_json":{"title":"Ilustre Municipalidad de Talca","robots":{"index":"index","follow":"follow","max-snippet":"max-snippet:-1","max-image-preview":"max-image-preview:large","max-video-preview":"max-video-preview:-1"},"canonical":"https:\/\/www.talca.cl\/?page_id=26676","og_locale":"es_ES","og_type":"article","og_title":"Ilustre Municipalidad de Talca","og_description":"En la Municipalidad de Talca seguimos avanzando junto a nuestros vecinos y vecinas.&nbsp;Esta Cuenta P\u00fablica refleja el trabajo, compromiso y la gesti\u00f3n realizada durante el \u00faltimo a\u00f1o para construir una comuna m\u00e1s segura, moderna, limpia y con m\u00e1s oportunidades para todos. Te invitamos a conocer los principales avances, proyectos e iniciativas que han mejorado la [&hellip;]","og_url":"https:\/\/www.talca.cl\/?page_id=26676","og_site_name":"Ilustre Municipalidad de Talca","article_modified_time":"2026-04-28T21:14:00+00:00","twitter_card":"summary_large_image","twitter_misc":{"Est. reading time":"1 minuto"},"schema":{"@context":"https:\/\/schema.org","@graph":[{"@type":"WebPage","@id":"https:\/\/www.talca.cl\/?page_id=26676","url":"https:\/\/www.talca.cl\/?page_id=26676","name":"Ilustre Municipalidad de Talca","isPartOf":{"@id":"https:\/\/www.talca.cl\/#website"},"datePublished":"2026-04-28T21:08:20+00:00","dateModified":"2026-04-28T21:14:00+00:00","breadcrumb":{"@id":"https:\/\/www.talca.cl\/?page_id=26676#breadcrumb"},"inLanguage":"es","potentialAction":[{"@type":"ReadAction","target":["https:\/\/www.talca.cl\/?page_id=26676"]}]},{"@type":"BreadcrumbList","@id":"https:\/\/www.talca.cl\/?page_id=26676#breadcrumb","itemListElement":[{"@type":"ListItem","position":1,"name":"Home","item":"https:\/\/www.talca.cl\/"},{"@type":"ListItem","position":2,"name":"Cuenta P\u00fablica 2025"}]},{"@type":"WebSite","@id":"https:\/\/www.talca.cl\/#website","url":"https:\/\/www.talca.cl\/","name":"Ilustre Municipalidad de Talca","description":"Ilustre Municipalidad de Talca, Talca, Municipalidad, 7\u00aa regi\u00f3n,  septima region, juan carlos diaz, jcd, avenda\u00f1o, piduco, maule,  talca chile","potentialAction":[{"@type":"SearchAction","target":{"@type":"EntryPoint","urlTemplate":"https:\/\/www.talca.cl\/?s={search_term_string}"},"query-input":{"@type":"PropertyValueSpecification","valueRequired":true,"valueName":"search_term_string"}}],"inLanguage":"es"}]}},"_links":{"self":[{"href":"https:\/\/www.talca.cl\/index.php?rest_route=\/wp\/v2\/pages\/26676","targetHints":{"allow":["GET"]}}],"collection":[{"href":"https:\/\/www.talca.cl\/index.php?rest_route=\/wp\/v2\/pages"}],"about":[{"href":"https:\/\/www.talca.cl\/index.php?rest_route=\/wp\/v2\/types\/page"}],"author":[{"embeddable":true,"href":"https:\/\/www.talca.cl\/index.php?rest_route=\/wp\/v2\/users\/1"}],"replies":[{"embeddable":true,"href":"https:\/\/www.talca.cl\/index.php?rest_route=%2Fwp%2Fv2%2Fcomments&post=26676"}],"version-history":[{"count":2,"href":"https:\/\/www.talca.cl\/index.php?rest_route=\/wp\/v2\/pages\/26676\/revisions"}],"predecessor-version":[{"id":26682,"href":"https:\/\/www.talca.cl\/index.php?rest_route=\/wp\/v2\/pages\/26676\/revisions\/26682"}],"wp:attachment":[{"href":"https:\/\/www.talca.cl\/index.php?rest_route=%2Fwp%2Fv2%2Fmedia&parent=26676"}],"curies":[{"name":"wp","href":"https:\/\/api.w.org\/{rel}","templated":true}]}}