{"id":4057,"date":"2016-06-15T09:09:19","date_gmt":"2016-06-15T13:09:19","guid":{"rendered":"http:\/\/www.talca.cl\/?page_id=4057"},"modified":"2024-12-06T14:40:50","modified_gmt":"2024-12-06T18:40:50","slug":"alcaldia","status":"publish","type":"page","link":"https:\/\/www.talca.cl\/?page_id=4057","title":{"rendered":"Alcald\u00eda"},"content":{"rendered":"<div class=\"col-sm-5\"><img loading=\"lazy\" decoding=\"async\" class=\"wp-image-24969  alignleft\" title=\"alcalde-juan-carlos-diaz\" src=\"https:\/\/www.talca.cl\/wp-content\/uploads\/2024\/12\/IMG-20241206-WA0354-300x200.jpg\" alt=\"\" width=\"321\" height=\"214\" srcset=\"https:\/\/www.talca.cl\/wp-content\/uploads\/2024\/12\/IMG-20241206-WA0354-300x200.jpg 300w, https:\/\/www.talca.cl\/wp-content\/uploads\/2024\/12\/IMG-20241206-WA0354-1024x683.jpg 1024w, https:\/\/www.talca.cl\/wp-content\/uploads\/2024\/12\/IMG-20241206-WA0354-768x512.jpg 768w, https:\/\/www.talca.cl\/wp-content\/uploads\/2024\/12\/IMG-20241206-WA0354-1536x1024.jpg 1536w, https:\/\/www.talca.cl\/wp-content\/uploads\/2024\/12\/IMG-20241206-WA0354-696x464.jpg 696w, https:\/\/www.talca.cl\/wp-content\/uploads\/2024\/12\/IMG-20241206-WA0354-1068x712.jpg 1068w, https:\/\/www.talca.cl\/wp-content\/uploads\/2024\/12\/IMG-20241206-WA0354-630x420.jpg 630w, https:\/\/www.talca.cl\/wp-content\/uploads\/2024\/12\/IMG-20241206-WA0354.jpg 1600w\" sizes=\"auto, (max-width: 321px) 100vw, 321px\" \/><b style=\"color: initial;\">Juan Carlos D\u00edaz Avenda\u00f1o<\/b><span style=\"color: initial;\"> naci\u00f3 el 24 de noviembre de 1970 en la ciudad de Talca. Hijo de Jaime D\u00edaz y Mar\u00eda Teresa Avenda\u00f1o. Realiz\u00f3 sus estudios b\u00e1sicos en la Escuela E-125 De Talca (Ex-Anexa), y los de ense\u00f1anza media en el Liceo de Hombres A-8, actual Abate Molina. Durante su etapa de estudiante estuvo vinculado a deportes como el f\u00fatbol, atletismo y el ajedrez.<\/span><\/div>\n<div class=\"col-sm-7\">\n<p>Ingres\u00f3 a la Universidad de Talca en el a\u00f1o 1990. Se titul\u00f3 como Ingeniero Comercial, menci\u00f3n en Inform\u00e1tica, y obtuvo la licenciatura en Ciencias de la Administraci\u00f3n. Comenz\u00f3 a trabajar en la Ilustre Municipalidad de Talca en el a\u00f1o 1999, como encargado de la Secretar\u00eda Comunal de Planificaci\u00f3n (SECPLAN).<\/p>\n<p>Posteriormente, asumi\u00f3 como administrador municipal en el a\u00f1o 2008. Ha realizado estudios de evaluaci\u00f3n de proyectos en la Pontifica Universidad Cat\u00f3lica de Chile, entre otros.<\/p>\n<p>Actualmente, Juan Carlos D\u00edaz es alcalde de la comuna de Talca.<\/p>\n<\/div>\n","protected":false},"excerpt":{"rendered":"<p>Juan Carlos D\u00edaz Avenda\u00f1o naci\u00f3 el 24 de noviembre de 1970 en la ciudad de Talca. Hijo de Jaime D\u00edaz y Mar\u00eda Teresa Avenda\u00f1o. Realiz\u00f3 sus estudios b\u00e1sicos en la Escuela E-125 De Talca (Ex-Anexa), y los de ense\u00f1anza media en el Liceo de Hombres A-8, actual Abate Molina. Durante su etapa de estudiante estuvo [&hellip;]<\/p>\n","protected":false},"author":1,"featured_media":0,"parent":0,"menu_order":0,"comment_status":"closed","ping_status":"open","template":"","meta":{"footnotes":""},"class_list":["post-4057","page","type-page","status-publish"],"yoast_head":"<!-- This site is optimized with the Yoast SEO plugin v27.3 - https:\/\/yoast.com\/product\/yoast-seo-wordpress\/ -->\n<title>Ilustre Municipalidad de Talca<\/title>\n<meta name=\"robots\" content=\"index, follow, max-snippet:-1, max-image-preview:large, max-video-preview:-1\" \/>\n<link rel=\"canonical\" href=\"https:\/\/www.talca.cl\/?page_id=4057\" \/>\n<meta property=\"og:locale\" content=\"es_ES\" \/>\n<meta property=\"og:type\" content=\"article\" \/>\n<meta property=\"og:title\" content=\"Ilustre Municipalidad de Talca\" \/>\n<meta property=\"og:description\" content=\"Juan Carlos D\u00edaz Avenda\u00f1o naci\u00f3 el 24 de noviembre de 1970 en la ciudad de Talca. Hijo de Jaime D\u00edaz y Mar\u00eda Teresa Avenda\u00f1o. Realiz\u00f3 sus estudios b\u00e1sicos en la Escuela E-125 De Talca (Ex-Anexa), y los de ense\u00f1anza media en el Liceo de Hombres A-8, actual Abate Molina. Durante su etapa de estudiante estuvo [&hellip;]\" \/>\n<meta property=\"og:url\" content=\"https:\/\/www.talca.cl\/?page_id=4057\" \/>\n<meta property=\"og:site_name\" content=\"Ilustre Municipalidad de Talca\" \/>\n<meta property=\"article:modified_time\" content=\"2024-12-06T18:40:50+00:00\" \/>\n<meta property=\"og:image\" content=\"https:\/\/www.talca.cl\/wp-content\/uploads\/2024\/12\/IMG-20241206-WA0354-300x200.jpg\" \/>\n<meta name=\"twitter:card\" content=\"summary_large_image\" \/>\n<meta name=\"twitter:label1\" content=\"Est. reading time\" \/>\n\t<meta name=\"twitter:data1\" content=\"1 minuto\" \/>\n<script type=\"application\/ld+json\" class=\"yoast-schema-graph\">{\"@context\":\"https:\\\/\\\/schema.org\",\"@graph\":[{\"@type\":\"WebPage\",\"@id\":\"https:\\\/\\\/www.talca.cl\\\/?page_id=4057\",\"url\":\"https:\\\/\\\/www.talca.cl\\\/?page_id=4057\",\"name\":\"Ilustre Municipalidad de Talca\",\"isPartOf\":{\"@id\":\"https:\\\/\\\/www.talca.cl\\\/#website\"},\"primaryImageOfPage\":{\"@id\":\"https:\\\/\\\/www.talca.cl\\\/?page_id=4057#primaryimage\"},\"image\":{\"@id\":\"https:\\\/\\\/www.talca.cl\\\/?page_id=4057#primaryimage\"},\"thumbnailUrl\":\"https:\\\/\\\/www.talca.cl\\\/wp-content\\\/uploads\\\/2024\\\/12\\\/IMG-20241206-WA0354-300x200.jpg\",\"datePublished\":\"2016-06-15T13:09:19+00:00\",\"dateModified\":\"2024-12-06T18:40:50+00:00\",\"breadcrumb\":{\"@id\":\"https:\\\/\\\/www.talca.cl\\\/?page_id=4057#breadcrumb\"},\"inLanguage\":\"es\",\"potentialAction\":[{\"@type\":\"ReadAction\",\"target\":[\"https:\\\/\\\/www.talca.cl\\\/?page_id=4057\"]}]},{\"@type\":\"ImageObject\",\"inLanguage\":\"es\",\"@id\":\"https:\\\/\\\/www.talca.cl\\\/?page_id=4057#primaryimage\",\"url\":\"https:\\\/\\\/www.talca.cl\\\/wp-content\\\/uploads\\\/2024\\\/12\\\/IMG-20241206-WA0354.jpg\",\"contentUrl\":\"https:\\\/\\\/www.talca.cl\\\/wp-content\\\/uploads\\\/2024\\\/12\\\/IMG-20241206-WA0354.jpg\",\"width\":1600,\"height\":1067},{\"@type\":\"BreadcrumbList\",\"@id\":\"https:\\\/\\\/www.talca.cl\\\/?page_id=4057#breadcrumb\",\"itemListElement\":[{\"@type\":\"ListItem\",\"position\":1,\"name\":\"Home\",\"item\":\"https:\\\/\\\/www.talca.cl\\\/\"},{\"@type\":\"ListItem\",\"position\":2,\"name\":\"Alcald\u00eda\"}]},{\"@type\":\"WebSite\",\"@id\":\"https:\\\/\\\/www.talca.cl\\\/#website\",\"url\":\"https:\\\/\\\/www.talca.cl\\\/\",\"name\":\"Ilustre Municipalidad de Talca\",\"description\":\"Ilustre Municipalidad de Talca, Talca, Municipalidad, 7\u00aa regi\u00f3n,  septima region, juan carlos diaz, jcd, avenda\u00f1o, piduco, maule,  talca chile\",\"potentialAction\":[{\"@type\":\"SearchAction\",\"target\":{\"@type\":\"EntryPoint\",\"urlTemplate\":\"https:\\\/\\\/www.talca.cl\\\/?s={search_term_string}\"},\"query-input\":{\"@type\":\"PropertyValueSpecification\",\"valueRequired\":true,\"valueName\":\"search_term_string\"}}],\"inLanguage\":\"es\"}]}<\/script>\n<!-- \/ Yoast SEO plugin. -->","yoast_head_json":{"title":"Ilustre Municipalidad de Talca","robots":{"index":"index","follow":"follow","max-snippet":"max-snippet:-1","max-image-preview":"max-image-preview:large","max-video-preview":"max-video-preview:-1"},"canonical":"https:\/\/www.talca.cl\/?page_id=4057","og_locale":"es_ES","og_type":"article","og_title":"Ilustre Municipalidad de Talca","og_description":"Juan Carlos D\u00edaz Avenda\u00f1o naci\u00f3 el 24 de noviembre de 1970 en la ciudad de Talca. Hijo de Jaime D\u00edaz y Mar\u00eda Teresa Avenda\u00f1o. Realiz\u00f3 sus estudios b\u00e1sicos en la Escuela E-125 De Talca (Ex-Anexa), y los de ense\u00f1anza media en el Liceo de Hombres A-8, actual Abate Molina. Durante su etapa de estudiante estuvo [&hellip;]","og_url":"https:\/\/www.talca.cl\/?page_id=4057","og_site_name":"Ilustre Municipalidad de Talca","article_modified_time":"2024-12-06T18:40:50+00:00","og_image":[{"url":"https:\/\/www.talca.cl\/wp-content\/uploads\/2024\/12\/IMG-20241206-WA0354-300x200.jpg","type":"","width":"","height":""}],"twitter_card":"summary_large_image","twitter_misc":{"Est. reading time":"1 minuto"},"schema":{"@context":"https:\/\/schema.org","@graph":[{"@type":"WebPage","@id":"https:\/\/www.talca.cl\/?page_id=4057","url":"https:\/\/www.talca.cl\/?page_id=4057","name":"Ilustre Municipalidad de Talca","isPartOf":{"@id":"https:\/\/www.talca.cl\/#website"},"primaryImageOfPage":{"@id":"https:\/\/www.talca.cl\/?page_id=4057#primaryimage"},"image":{"@id":"https:\/\/www.talca.cl\/?page_id=4057#primaryimage"},"thumbnailUrl":"https:\/\/www.talca.cl\/wp-content\/uploads\/2024\/12\/IMG-20241206-WA0354-300x200.jpg","datePublished":"2016-06-15T13:09:19+00:00","dateModified":"2024-12-06T18:40:50+00:00","breadcrumb":{"@id":"https:\/\/www.talca.cl\/?page_id=4057#breadcrumb"},"inLanguage":"es","potentialAction":[{"@type":"ReadAction","target":["https:\/\/www.talca.cl\/?page_id=4057"]}]},{"@type":"ImageObject","inLanguage":"es","@id":"https:\/\/www.talca.cl\/?page_id=4057#primaryimage","url":"https:\/\/www.talca.cl\/wp-content\/uploads\/2024\/12\/IMG-20241206-WA0354.jpg","contentUrl":"https:\/\/www.talca.cl\/wp-content\/uploads\/2024\/12\/IMG-20241206-WA0354.jpg","width":1600,"height":1067},{"@type":"BreadcrumbList","@id":"https:\/\/www.talca.cl\/?page_id=4057#breadcrumb","itemListElement":[{"@type":"ListItem","position":1,"name":"Home","item":"https:\/\/www.talca.cl\/"},{"@type":"ListItem","position":2,"name":"Alcald\u00eda"}]},{"@type":"WebSite","@id":"https:\/\/www.talca.cl\/#website","url":"https:\/\/www.talca.cl\/","name":"Ilustre Municipalidad de Talca","description":"Ilustre Municipalidad de Talca, Talca, Municipalidad, 7\u00aa regi\u00f3n,  septima region, juan carlos diaz, jcd, avenda\u00f1o, piduco, maule,  talca chile","potentialAction":[{"@type":"SearchAction","target":{"@type":"EntryPoint","urlTemplate":"https:\/\/www.talca.cl\/?s={search_term_string}"},"query-input":{"@type":"PropertyValueSpecification","valueRequired":true,"valueName":"search_term_string"}}],"inLanguage":"es"}]}},"_links":{"self":[{"href":"https:\/\/www.talca.cl\/index.php?rest_route=\/wp\/v2\/pages\/4057","targetHints":{"allow":["GET"]}}],"collection":[{"href":"https:\/\/www.talca.cl\/index.php?rest_route=\/wp\/v2\/pages"}],"about":[{"href":"https:\/\/www.talca.cl\/index.php?rest_route=\/wp\/v2\/types\/page"}],"author":[{"embeddable":true,"href":"https:\/\/www.talca.cl\/index.php?rest_route=\/wp\/v2\/users\/1"}],"replies":[{"embeddable":true,"href":"https:\/\/www.talca.cl\/index.php?rest_route=%2Fwp%2Fv2%2Fcomments&post=4057"}],"version-history":[{"count":12,"href":"https:\/\/www.talca.cl\/index.php?rest_route=\/wp\/v2\/pages\/4057\/revisions"}],"predecessor-version":[{"id":24971,"href":"https:\/\/www.talca.cl\/index.php?rest_route=\/wp\/v2\/pages\/4057\/revisions\/24971"}],"wp:attachment":[{"href":"https:\/\/www.talca.cl\/index.php?rest_route=%2Fwp%2Fv2%2Fmedia&parent=4057"}],"curies":[{"name":"wp","href":"https:\/\/api.w.org\/{rel}","templated":true}]}}