{"id":9193,"date":"2016-06-11T14:45:24","date_gmt":"2016-06-11T18:45:24","guid":{"rendered":"http:\/\/www.talca.cl\/?page_id=26"},"modified":"2023-06-28T16:04:58","modified_gmt":"2023-06-28T20:04:58","slug":"direccion-de-obras","status":"publish","type":"page","link":"https:\/\/www.talca.cl\/?page_id=9193","title":{"rendered":"Direcci\u00f3n de Obras"},"content":{"rendered":"\n<p>La Direcci\u00f3n de Obras Municipales tiene como objetivo principal administrar el desarrollo urbano de la comuna y custodiar el cumplimiento de las disposiciones legales que regulan las edificaciones en el territorio comunal, establecidas en la Ley General de Urbanismo y Construcciones. .<\/p>\n\n\n\n<p><strong>La Direcci\u00f3n de Obras Municipales tiene a su cargo las siguientes funciones:<\/strong><\/p>\n\n\n\n<p>1. Fiscalizar el cumplimiento de las disposiciones de la Ley General de Urbanismo y Construcciones, del Plan Regulador Comunal y de las Ordenanzas correspondientes, para cuyo efecto gozar\u00e1 de las siguientes atribuciones:<\/p>\n\n\n\n<p>&#8211; Aprobar o desaprobar las subdivisiones de predios urbanos y urbanos rurales.<br>&#8211; Aprobar o desaprobar los proyectos de obras de urbanizaci\u00f3n y de construcciones en general, que se efect\u00faen en las \u00e1reas urbanas o rurales, incluyendo obras nuevas y ampliaciones, transformaciones, entre otras.<br>&#8211; Conceder permisos de edificaci\u00f3n.<br>&#8211; Fiscalizar la ejecuci\u00f3n de obras y su recepci\u00f3n.<br>&#8211; Recibir de las obras y autorizar su uso.<\/p>\n\n\n\n<p>2. Inspeccionar las obras en uso, con el objetivo de comprobar el cumplimiento de las disposiciones legales y t\u00e9cnicas establecidas.<br>4. Elaborar y conservar actualizado el catastro de las obras de urbanizaci\u00f3n y construcci\u00f3n de la comuna.<br>5. Plantear y producir medidas relacionadas con la vialidad urbana y rural.<br>6. Aplicar las normas generales sobre construcciones y urbanizaci\u00f3n en la comuna, espec\u00edficamente las establecidas en la Ley General de Urbanismo y Construcciones (D.F.L. 458\/MINVU-1977) y la Ordenanza General de dicha Ley (D.S. 47\/MINVU-1992). Administrar las construcciones municipales que ejecute directamente el Municipio y velar por estas construcciones cuando se contraten con terceros (D.F.L.458\/Art. 9\u00bab).<br>i) Ser parte del Comit\u00e9 del \u00c1rea de Desarrollo Territorial, junto al Director de Aseo y Ornato, el Director de Tr\u00e1nsito y Transporte P\u00fablico, el Administrador Municipal y los funcionarios que asigne este \u00faltimo.<br>j) Situar el quehacer de la Direcci\u00f3n en funci\u00f3n del Plan de Desarrollo Comunal, la Misi\u00f3n Municipal y la Planificaci\u00f3n Estrat\u00e9gica.<br>k) Componer el Comit\u00e9 de Emergencia.<\/p>\n\n\n\n<p><\/p>\n\n\n\n<p class=\"has-text-align-left\"><a href=\"https:\/\/www.talca.cl\/?page_id=10270\"><strong>TR\u00c1MITES EN L\u00cdNEA<\/strong><\/a><\/p>\n\n\n\n<p class=\"has-text-align-left\"><strong>DIRECCI\u00d3N:<\/strong> 1 Sur N\u00ba949, 2 Y 3 Ote.<\/p>\n\n\n\n<p><strong>HORARIO DE ATENCI\u00d3N:<\/strong> Lunes a Viernes 08:30 &#8211; 13:45.<\/p>\n\n\n\n<p><strong>DIRECTOR:<\/strong> Constanza Mu\u00f1oz Gaete.<\/p>\n\n\n\n<p><strong>SECRETARIA:<\/strong> Mar\u00eda Francisca Morales.<\/p>\n\n\n\n<p><strong>TEL\u00c9FONO:<\/strong> 71 2987323<\/p>\n\n\n\n<p><strong>CORREO:<\/strong> dom@talca.cl<\/p>\n","protected":false},"excerpt":{"rendered":"<p>La Direcci\u00f3n de Obras Municipales tiene como objetivo principal administrar el desarrollo urbano de la comuna y custodiar el cumplimiento de las disposiciones legales que regulan las edificaciones en el territorio comunal, establecidas en la Ley General de Urbanismo y Construcciones. . La Direcci\u00f3n de Obras Municipales tiene a su cargo las siguientes funciones: 1. [&hellip;]<\/p>\n","protected":false},"author":1,"featured_media":0,"parent":0,"menu_order":0,"comment_status":"closed","ping_status":"open","template":"","meta":{"footnotes":""},"class_list":["post-9193","page","type-page","status-publish"],"yoast_head":"<!-- This site is optimized with the Yoast SEO plugin v27.3 - https:\/\/yoast.com\/product\/yoast-seo-wordpress\/ -->\n<title>Ilustre Municipalidad de Talca<\/title>\n<meta name=\"robots\" content=\"index, follow, max-snippet:-1, max-image-preview:large, max-video-preview:-1\" \/>\n<link rel=\"canonical\" href=\"https:\/\/www.talca.cl\/?page_id=9193\" \/>\n<meta property=\"og:locale\" content=\"es_ES\" \/>\n<meta property=\"og:type\" content=\"article\" \/>\n<meta property=\"og:title\" content=\"Ilustre Municipalidad de Talca\" \/>\n<meta property=\"og:description\" content=\"La Direcci\u00f3n de Obras Municipales tiene como objetivo principal administrar el desarrollo urbano de la comuna y custodiar el cumplimiento de las disposiciones legales que regulan las edificaciones en el territorio comunal, establecidas en la Ley General de Urbanismo y Construcciones. . La Direcci\u00f3n de Obras Municipales tiene a su cargo las siguientes funciones: 1. [&hellip;]\" \/>\n<meta property=\"og:url\" content=\"https:\/\/www.talca.cl\/?page_id=9193\" \/>\n<meta property=\"og:site_name\" content=\"Ilustre Municipalidad de Talca\" \/>\n<meta property=\"article:modified_time\" content=\"2023-06-28T20:04:58+00:00\" \/>\n<meta name=\"twitter:card\" content=\"summary_large_image\" \/>\n<meta name=\"twitter:label1\" content=\"Est. reading time\" \/>\n\t<meta name=\"twitter:data1\" content=\"2 minutos\" \/>\n<script type=\"application\/ld+json\" class=\"yoast-schema-graph\">{\"@context\":\"https:\\\/\\\/schema.org\",\"@graph\":[{\"@type\":\"WebPage\",\"@id\":\"https:\\\/\\\/www.talca.cl\\\/?page_id=9193\",\"url\":\"https:\\\/\\\/www.talca.cl\\\/?page_id=9193\",\"name\":\"Ilustre Municipalidad de Talca\",\"isPartOf\":{\"@id\":\"https:\\\/\\\/www.talca.cl\\\/#website\"},\"datePublished\":\"2016-06-11T18:45:24+00:00\",\"dateModified\":\"2023-06-28T20:04:58+00:00\",\"breadcrumb\":{\"@id\":\"https:\\\/\\\/www.talca.cl\\\/?page_id=9193#breadcrumb\"},\"inLanguage\":\"es\",\"potentialAction\":[{\"@type\":\"ReadAction\",\"target\":[\"https:\\\/\\\/www.talca.cl\\\/?page_id=9193\"]}]},{\"@type\":\"BreadcrumbList\",\"@id\":\"https:\\\/\\\/www.talca.cl\\\/?page_id=9193#breadcrumb\",\"itemListElement\":[{\"@type\":\"ListItem\",\"position\":1,\"name\":\"Home\",\"item\":\"https:\\\/\\\/www.talca.cl\\\/\"},{\"@type\":\"ListItem\",\"position\":2,\"name\":\"Direcci\u00f3n de Obras\"}]},{\"@type\":\"WebSite\",\"@id\":\"https:\\\/\\\/www.talca.cl\\\/#website\",\"url\":\"https:\\\/\\\/www.talca.cl\\\/\",\"name\":\"Ilustre Municipalidad de Talca\",\"description\":\"Ilustre Municipalidad de Talca, Talca, Municipalidad, 7\u00aa regi\u00f3n,  septima region, juan carlos diaz, jcd, avenda\u00f1o, piduco, maule,  talca chile\",\"potentialAction\":[{\"@type\":\"SearchAction\",\"target\":{\"@type\":\"EntryPoint\",\"urlTemplate\":\"https:\\\/\\\/www.talca.cl\\\/?s={search_term_string}\"},\"query-input\":{\"@type\":\"PropertyValueSpecification\",\"valueRequired\":true,\"valueName\":\"search_term_string\"}}],\"inLanguage\":\"es\"}]}<\/script>\n<!-- \/ Yoast SEO plugin. -->","yoast_head_json":{"title":"Ilustre Municipalidad de Talca","robots":{"index":"index","follow":"follow","max-snippet":"max-snippet:-1","max-image-preview":"max-image-preview:large","max-video-preview":"max-video-preview:-1"},"canonical":"https:\/\/www.talca.cl\/?page_id=9193","og_locale":"es_ES","og_type":"article","og_title":"Ilustre Municipalidad de Talca","og_description":"La Direcci\u00f3n de Obras Municipales tiene como objetivo principal administrar el desarrollo urbano de la comuna y custodiar el cumplimiento de las disposiciones legales que regulan las edificaciones en el territorio comunal, establecidas en la Ley General de Urbanismo y Construcciones. . La Direcci\u00f3n de Obras Municipales tiene a su cargo las siguientes funciones: 1. [&hellip;]","og_url":"https:\/\/www.talca.cl\/?page_id=9193","og_site_name":"Ilustre Municipalidad de Talca","article_modified_time":"2023-06-28T20:04:58+00:00","twitter_card":"summary_large_image","twitter_misc":{"Est. reading time":"2 minutos"},"schema":{"@context":"https:\/\/schema.org","@graph":[{"@type":"WebPage","@id":"https:\/\/www.talca.cl\/?page_id=9193","url":"https:\/\/www.talca.cl\/?page_id=9193","name":"Ilustre Municipalidad de Talca","isPartOf":{"@id":"https:\/\/www.talca.cl\/#website"},"datePublished":"2016-06-11T18:45:24+00:00","dateModified":"2023-06-28T20:04:58+00:00","breadcrumb":{"@id":"https:\/\/www.talca.cl\/?page_id=9193#breadcrumb"},"inLanguage":"es","potentialAction":[{"@type":"ReadAction","target":["https:\/\/www.talca.cl\/?page_id=9193"]}]},{"@type":"BreadcrumbList","@id":"https:\/\/www.talca.cl\/?page_id=9193#breadcrumb","itemListElement":[{"@type":"ListItem","position":1,"name":"Home","item":"https:\/\/www.talca.cl\/"},{"@type":"ListItem","position":2,"name":"Direcci\u00f3n de Obras"}]},{"@type":"WebSite","@id":"https:\/\/www.talca.cl\/#website","url":"https:\/\/www.talca.cl\/","name":"Ilustre Municipalidad de Talca","description":"Ilustre Municipalidad de Talca, Talca, Municipalidad, 7\u00aa regi\u00f3n,  septima region, juan carlos diaz, jcd, avenda\u00f1o, piduco, maule,  talca chile","potentialAction":[{"@type":"SearchAction","target":{"@type":"EntryPoint","urlTemplate":"https:\/\/www.talca.cl\/?s={search_term_string}"},"query-input":{"@type":"PropertyValueSpecification","valueRequired":true,"valueName":"search_term_string"}}],"inLanguage":"es"}]}},"_links":{"self":[{"href":"https:\/\/www.talca.cl\/index.php?rest_route=\/wp\/v2\/pages\/9193","targetHints":{"allow":["GET"]}}],"collection":[{"href":"https:\/\/www.talca.cl\/index.php?rest_route=\/wp\/v2\/pages"}],"about":[{"href":"https:\/\/www.talca.cl\/index.php?rest_route=\/wp\/v2\/types\/page"}],"author":[{"embeddable":true,"href":"https:\/\/www.talca.cl\/index.php?rest_route=\/wp\/v2\/users\/1"}],"replies":[{"embeddable":true,"href":"https:\/\/www.talca.cl\/index.php?rest_route=%2Fwp%2Fv2%2Fcomments&post=9193"}],"version-history":[{"count":9,"href":"https:\/\/www.talca.cl\/index.php?rest_route=\/wp\/v2\/pages\/9193\/revisions"}],"predecessor-version":[{"id":23155,"href":"https:\/\/www.talca.cl\/index.php?rest_route=\/wp\/v2\/pages\/9193\/revisions\/23155"}],"wp:attachment":[{"href":"https:\/\/www.talca.cl\/index.php?rest_route=%2Fwp%2Fv2%2Fmedia&parent=9193"}],"curies":[{"name":"wp","href":"https:\/\/api.w.org\/{rel}","templated":true}]}}